{"id":1546,"date":"2022-01-11T14:37:21","date_gmt":"2022-01-11T18:37:21","guid":{"rendered":"https:\/\/guel.gob.ec\/azuay\/?page_id=1546"},"modified":"2023-06-30T12:55:27","modified_gmt":"2023-06-30T16:55:27","slug":"rendicion-de-cuentas-2022","status":"publish","type":"page","link":"https:\/\/guel.gob.ec\/azuay\/rendicion-de-cuentas-2022\/","title":{"rendered":"Rendici\u00f3n de Cuentas 2022"},"content":{"rendered":"<p>La rendici\u00f3n de cuentas es un proceso mediante el cual quienes toman decisiones sobre la gesti\u00f3n de lo p\u00fablico, cumplen su deber y responsabilidad de explicar, dar a conocer o responder a la ciudadan\u00eda sobre el manejo de lo p\u00fablico y sus resultados.<\/p>\n<p>El objetivo de este espacio es facilitar el acceso directo a todo lo que deben saber para cumplir con la obligaci\u00f3n de rendir cuentas y conocer c\u00f3mo acceder a la informaci\u00f3n que entregaron en las diferentes etapas del proceso de rendici\u00f3n de cuentas 2022, y sus medio de verificaci\u00f3n.<\/p>\n<p><strong>Si usted es:<\/strong><\/p>\n<p>Un ciudadano o ciudadana que quiere conocer los informes de rendici\u00f3n de cuentas que presentaron los gobiernos aut\u00f3nomos descentralizados, los diferentes ministerios y sus entidades zonales, provinciales o distritales; las empresas p\u00fablicas, la Asamblea Nacional, el Consejo Nacional Electoral, las autoridades de elecci\u00f3n popular o alg\u00fan medio de comunicaci\u00f3n social, aqu\u00ed podr\u00e1 acceder, buscar y encontrar los informes de rendici\u00f3n de cuentas que le interese conocer.<\/p>\n<p>Estados financieros 2022:<\/p>\n<p><a href=\"https:\/\/guel.gob.ec\/azuay\/wp-content\/uploads\/2023\/06\/1.-Balance-de-comprobacio\u0301n..pdf\">1. Balance de comprobacio\u0301n.<\/a><\/p>\n<p><a href=\"https:\/\/guel.gob.ec\/azuay\/wp-content\/uploads\/2023\/06\/2.-Estados-de-resultados..pdf\">2. Estados de resultados.<\/a><\/p>\n<p><a href=\"https:\/\/guel.gob.ec\/azuay\/wp-content\/uploads\/2023\/06\/3.-Estado-de-situacio\u0301n-financiera..pdf\">3. Estado de situacio\u0301n financiera.<\/a><\/p>\n<p><a href=\"https:\/\/guel.gob.ec\/azuay\/wp-content\/uploads\/2023\/06\/4.-Estado-de-flujo-del-efectivo..pdf\">4. Estado de flujo del efectivo.<\/a><\/p>\n<p><a href=\"https:\/\/guel.gob.ec\/azuay\/wp-content\/uploads\/2023\/06\/5.-Ce\u0301dula-presupuestaria-de-ingresos..pdf\">5. Ce\u0301dula presupuestaria de ingresos.<\/a><\/p>\n<p><a href=\"https:\/\/guel.gob.ec\/azuay\/wp-content\/uploads\/2023\/06\/6.-Ce\u0301dula-presupuestaria-de-gastos..pdf\">6. Ce\u0301dula presupuestaria de gastos.<\/a><\/p>\n<p><a href=\"https:\/\/guel.gob.ec\/azuay\/wp-content\/uploads\/2023\/06\/7.-Estado-de-ejecucio\u0301n-presupuestaria..pdf\">7. Estado de ejecucio\u0301n presupuestaria.<\/a><\/p>\n<p>c\u00e9dulas presupuestarias por proyecto.<\/p>\n<p><a href=\"https:\/\/guel.gob.ec\/azuay\/wp-content\/uploads\/2023\/06\/agricola.pdf\">agricola<\/a> <a href=\"https:\/\/guel.gob.ec\/azuay\/wp-content\/uploads\/2023\/06\/atencion-domiciliaria.pdf\">atencion domiciliaria<\/a> <a href=\"https:\/\/guel.gob.ec\/azuay\/wp-content\/uploads\/2023\/06\/bordillos.pdf\">bordillos<\/a> <a href=\"https:\/\/guel.gob.ec\/azuay\/wp-content\/uploads\/2023\/06\/cedulagastos2011.pdf\">cedulagastos2011<\/a> <a href=\"https:\/\/guel.gob.ec\/azuay\/wp-content\/uploads\/2023\/06\/cedulas-presupuestarias-2022-1.pdf\">cedulas presupuestarias 2022<\/a> <a href=\"https:\/\/guel.gob.ec\/azuay\/wp-content\/uploads\/2023\/06\/coliseo-u.pdf\">coliseo u<\/a> <a href=\"https:\/\/guel.gob.ec\/azuay\/wp-content\/uploads\/2023\/06\/colonias-11.13.53.pdf\">colonias 11.13.53<\/a> <a href=\"https:\/\/guel.gob.ec\/azuay\/wp-content\/uploads\/2023\/06\/comunitario-11.13.53.pdf\">comunitario 11.13.53<\/a> <a href=\"https:\/\/guel.gob.ec\/azuay\/wp-content\/uploads\/2023\/06\/estudios.pdf\">estudios<\/a> <a href=\"https:\/\/guel.gob.ec\/azuay\/wp-content\/uploads\/2023\/06\/festividades.pdf\">festividades<\/a> <a href=\"https:\/\/guel.gob.ec\/azuay\/wp-content\/uploads\/2023\/06\/fuentes-hibridas-11.13.53.pdf\">fuentes hibridas 11.13.53<\/a> <a href=\"https:\/\/guel.gob.ec\/azuay\/wp-content\/uploads\/2023\/06\/mantenimiento-vial-11.13.53.pdf\">mantenimiento vial 11.13.53<\/a> <a href=\"https:\/\/guel.gob.ec\/azuay\/wp-content\/uploads\/2023\/06\/mantenimiento.pdf\">mantenimiento<\/a> <a href=\"https:\/\/guel.gob.ec\/azuay\/wp-content\/uploads\/2023\/06\/red-urbana.pdf\">red urbana<\/a> <a href=\"https:\/\/guel.gob.ec\/azuay\/wp-content\/uploads\/2023\/06\/siembra-de-plantas.pdf\">siembra de plantas<\/a><\/p>\n<p>&nbsp;<\/p>\n<p>En cumplimiento con la normativa vigente previo al proceso de rendici\u00f3n de cuentas de realiza la conformaci\u00f3n de equipo mixto para ello se deja constancia de la conformaci\u00f3n del mismo.<\/p>\n<p><a href=\"https:\/\/guel.gob.ec\/azuay\/wp-content\/uploads\/2023\/06\/ACTA.pdf\">ACTA EQUIPO MIXTO<\/a><\/p>\n<div id=\"attachment_2061\" style=\"width: 560px\" class=\"wp-caption alignnone\"><img loading=\"lazy\" decoding=\"async\" aria-describedby=\"caption-attachment-2061\" class=\"size-medium wp-image-2061\" src=\"https:\/\/guel.gob.ec\/azuay\/wp-content\/uploads\/2023\/06\/WhatsApp-Image-2023-06-29-at-10.12.13-PM-550x771.jpeg\" alt=\"\" width=\"550\" height=\"771\" srcset=\"https:\/\/guel.gob.ec\/azuay\/wp-content\/uploads\/2023\/06\/WhatsApp-Image-2023-06-29-at-10.12.13-PM-550x771.jpeg 550w, https:\/\/guel.gob.ec\/azuay\/wp-content\/uploads\/2023\/06\/WhatsApp-Image-2023-06-29-at-10.12.13-PM-730x1024.jpeg 730w, https:\/\/guel.gob.ec\/azuay\/wp-content\/uploads\/2023\/06\/WhatsApp-Image-2023-06-29-at-10.12.13-PM-768x1077.jpeg 768w, https:\/\/guel.gob.ec\/azuay\/wp-content\/uploads\/2023\/06\/WhatsApp-Image-2023-06-29-at-10.12.13-PM.jpeg 832w\" sizes=\"auto, (max-width: 550px) 100vw, 550px\" \/><p id=\"caption-attachment-2061\" class=\"wp-caption-text\">Entrega de informaci\u00f3n a la ciudadan\u00eda y convocatoria para el evento de deliberaci\u00f3n p\u00fablica.<\/p><\/div>\n<p><a href=\"https:\/\/guel.gob.ec\/azuay\/wp-content\/uploads\/2023\/06\/FIRMAS-ENTREGA-DE-INFORMACIO\u0301N_RENDICIO\u0301N-DE-CUENTAS.pdf\">FIRMAS ENTREGA DE INFORMACIO\u0301N_RENDICIO\u0301N DE CUENTAS<\/a> <a href=\"https:\/\/guel.gob.ec\/azuay\/wp-content\/uploads\/2023\/06\/FIRMAS-ASISTENCIA-RENDICIO\u0301N-DE-CUENTAS.pdf\">FIRMAS \u00a0 \u00a0<\/a><\/p>\n<p><a href=\"https:\/\/guel.gob.ec\/azuay\/wp-content\/uploads\/2023\/06\/MATRIZ-DE-PROYECTOS-2022.pdf\">MATRIZ DE PROYECTOS 2022<\/a><\/p>\n<p>Tambi\u00e9n encontrar\u00e1 informaci\u00f3n de las diapositivas presentadas en 5 de mayo a la ciudadan\u00eda que asisti\u00f3 al evento p\u00fablico de deliberaci\u00f3n.<\/p>\n<p><a href=\"https:\/\/xfcabrerac.blogspot.com\/2023\/06\/rendicion-de-cuentas-del-ano-2022.html\">\u00a0https:\/\/xfcabrerac.blogspot.com\/2023\/06\/rendicion-de-cuentas-del-ano-2022.html<\/a><\/p>\n<p>Al igual se adjunta el link de la transmisi\u00f3n por medios digitales del procesos de deliberaci\u00f3n publica. como el programa de rendici\u00f3n de cuentas 2022.<\/p>\n<p><a href=\"https:\/\/guel.gob.ec\/azuay\/wp-content\/uploads\/2023\/06\/PROGRAMA-RENDICIO\u0301N-DE-CUENTAS.docx\">PROGRAMA RENDICIO\u0301N DE CUENTAS<\/a><\/p>\n<p><a href=\"https:\/\/fb.watch\/ltYYw2uPIX\/\">https:\/\/fb.watch\/ltYYw2uPIX\/<\/a><\/p>\n<p>link de convocatoria a rendici\u00f3n de cuentas.<\/p>\n<p><a href=\"https:\/\/www.facebook.com\/photo\/?fbid=563712392512976&amp;set=a.219345263616359\">https:\/\/www.facebook.com\/photo\/?fbid=563712392512976&amp;set=a.219345263616359<\/a><\/p>\n<p><a href=\"https:\/\/guel.gob.ec\/azuay\/wp-content\/uploads\/2023\/06\/FIRMAS-ASISTENCIA-RENDICIO\u0301N-DE-CUENTAS.pdf\">ASISTENCIA RENDICIO\u0301N DE CUENTAS<\/a><\/p>\n<p>PROCESOS DE CONTRATACION PUBLICA.<\/p>\n<p>subasta inversa para la adquisici\u00f3n de insumos agropecuarios<\/p>\n<p><a href=\"https:\/\/www.compraspublicas.gob.ec\/ProcesoContratacion\/compras\/EC\/resumenContractual1.cpe?idSoliCompra=jx8KJTIgGb3YOrTHlB-di_BXn18eXgyC9ilG0pkcoIY,&amp;cnt=7OkLc0feCBCklSoJFKyB067OpA6lXtceB4M3BWF5QLY,&amp;contratoId=C_AJNkz0ojH-Tq2vfEe2aUrHK-nLywa8QZwx1eSCjrI,\">https:\/\/www.compraspublicas.gob.ec\/ProcesoContratacion\/compras\/EC\/resumenContractual1.cpe?idSoliCompra=jx8KJTIgGb3YOrTHlB-di_BXn18eXgyC9ilG0pkcoIY,&amp;cnt=7OkLc0feCBCklSoJFKyB067OpA6lXtceB4M3BWF5QLY,&amp;contratoId=C_AJNkz0ojH-Tq2vfEe2aUrHK-nLywa8QZwx1eSCjrI,<\/a><\/p>\n<p><a href=\"https:\/\/www.compraspublicas.gob.ec\/ProcesoContratacion\/compras\/EC\/resumenContractual1.cpe?idSoliCompra=oPlWoGnW4ugLZLLuGOQsS76cQGa020u9MzVY3pmsIMs,&amp;cnt=kH-8f8p9NhxMzMLM4olhVTfgFqEhW3u8nGQtRNvuQCI,&amp;contratoId=AqHoq4hadNpN65AfZkoaANQoIPHzLg1UfTFucoOym6g,\">https:\/\/www.compraspublicas.gob.ec\/ProcesoContratacion\/compras\/EC\/resumenContractual1.cpe?idSoliCompra=oPlWoGnW4ugLZLLuGOQsS76cQGa020u9MzVY3pmsIMs,&amp;cnt=kH-8f8p9NhxMzMLM4olhVTfgFqEhW3u8nGQtRNvuQCI,&amp;contratoId=AqHoq4hadNpN65AfZkoaANQoIPHzLg1UfTFucoOym6g,<\/a><\/p>\n<p>MENOR CUATIA DE OBRA.<\/p>\n<p><a href=\"https:\/\/www.compraspublicas.gob.ec\/ProcesoContratacion\/compras\/PC\/informacionProcesoContratacion2.cpe?idSoliCompra=_Y_yhgADIGS9f6Hh5cUkaAsPU2glZfAu-hf5jwrYW8U,\">https:\/\/www.compraspublicas.gob.ec\/ProcesoContratacion\/compras\/PC\/informacionProcesoContratacion2.cpe?idSoliCompra=_Y_yhgADIGS9f6Hh5cUkaAsPU2glZfAu-hf5jwrYW8U,<\/a><\/p>\n<p><a href=\"https:\/\/www.compraspublicas.gob.ec\/ProcesoContratacion\/compras\/PC\/informacionProcesoContratacion2.cpe?idSoliCompra=8mvNiahN7MucyNZxtZFkTtxuMPn0cjFFbYcIqKMvDpU,\">https:\/\/www.compraspublicas.gob.ec\/ProcesoContratacion\/compras\/PC\/informacionProcesoContratacion2.cpe?idSoliCompra=8mvNiahN7MucyNZxtZFkTtxuMPn0cjFFbYcIqKMvDpU,<\/a><\/p>\n<p><a href=\"https:\/\/www.compraspublicas.gob.ec\/ProcesoContratacion\/compras\/PC\/informacionProcesoContratacion2.cpe?idSoliCompra=TcFKWs7ejEQ2PldpoI6SLzwnzGnEibmw9jWOzB6_3Xw,\">https:\/\/www.compraspublicas.gob.ec\/ProcesoContratacion\/compras\/PC\/informacionProcesoContratacion2.cpe?idSoliCompra=TcFKWs7ejEQ2PldpoI6SLzwnzGnEibmw9jWOzB6_3Xw,<\/a><\/p>\n<p><a href=\"https:\/\/www.compraspublicas.gob.ec\/ProcesoContratacion\/compras\/PC\/informacionProcesoContratacion2.cpe?idSoliCompra=06QmKAGM40BBIS7JoNvwt4ligOP7c082Wk84Ce6TkGc,\">https:\/\/www.compraspublicas.gob.ec\/ProcesoContratacion\/compras\/PC\/informacionProcesoContratacion2.cpe?idSoliCompra=06QmKAGM40BBIS7JoNvwt4ligOP7c082Wk84Ce6TkGc,<\/a><\/p>\n<p>CONSULTORIA<\/p>\n<p><a href=\"https:\/\/www.compraspublicas.gob.ec\/ProcesoContratacion\/compras\/PC\/informacionProcesoContratacion2.cpe?idSoliCompra=ToCVlf11r1bH60rOgaOKViVxieXu36VAbDgUFeDCLTw,\">https:\/\/www.compraspublicas.gob.ec\/ProcesoContratacion\/compras\/PC\/informacionProcesoContratacion2.cpe?idSoliCompra=ToCVlf11r1bH60rOgaOKViVxieXu36VAbDgUFeDCLTw,<\/a><\/p>\n<p>&nbsp;<\/p>\n<p>INFORME DE RENDICION DE CUENTAS CARGADO AL CPCCS<\/p>\n<p><a href=\"https:\/\/guel.gob.ec\/azuay\/wp-content\/uploads\/2023\/06\/ReporteInformeGad.pdf\">ReporteInformeGad<\/a><\/p>\n","protected":false},"excerpt":{"rendered":"<p>La rendici\u00f3n de cuentas es un proceso mediante el cual quienes toman decisiones sobre la gesti\u00f3n de lo p\u00fablico, cumplen su deber y responsabilidad de explicar, dar a conocer o responder a la ciudadan\u00eda sobre el manejo de lo p\u00fablico y sus resultados. El objetivo de este espacio es facilitar el acceso directo a todo [&hellip;]<\/p>\n","protected":false},"author":8,"featured_media":0,"parent":0,"menu_order":0,"comment_status":"closed","ping_status":"closed","template":"","meta":{"footnotes":""},"yst_prominent_words":[77,82,85,83,80],"class_list":["post-1546","page","type-page","status-publish","hentry"],"_links":{"self":[{"href":"https:\/\/guel.gob.ec\/azuay\/wp-json\/wp\/v2\/pages\/1546","targetHints":{"allow":["GET"]}}],"collection":[{"href":"https:\/\/guel.gob.ec\/azuay\/wp-json\/wp\/v2\/pages"}],"about":[{"href":"https:\/\/guel.gob.ec\/azuay\/wp-json\/wp\/v2\/types\/page"}],"author":[{"embeddable":true,"href":"https:\/\/guel.gob.ec\/azuay\/wp-json\/wp\/v2\/users\/8"}],"replies":[{"embeddable":true,"href":"https:\/\/guel.gob.ec\/azuay\/wp-json\/wp\/v2\/comments?post=1546"}],"version-history":[{"count":12,"href":"https:\/\/guel.gob.ec\/azuay\/wp-json\/wp\/v2\/pages\/1546\/revisions"}],"predecessor-version":[{"id":2088,"href":"https:\/\/guel.gob.ec\/azuay\/wp-json\/wp\/v2\/pages\/1546\/revisions\/2088"}],"wp:attachment":[{"href":"https:\/\/guel.gob.ec\/azuay\/wp-json\/wp\/v2\/media?parent=1546"}],"wp:term":[{"taxonomy":"yst_prominent_words","embeddable":true,"href":"https:\/\/guel.gob.ec\/azuay\/wp-json\/wp\/v2\/yst_prominent_words?post=1546"}],"curies":[{"name":"wp","href":"https:\/\/api.w.org\/{rel}","templated":true}]}}