{"id":1675,"date":"2023-01-02T14:40:00","date_gmt":"2023-01-02T18:40:00","guid":{"rendered":"https:\/\/guel.gob.ec\/azuay\/?page_id=1675"},"modified":"2024-06-28T16:45:45","modified_gmt":"2024-06-28T20:45:45","slug":"rendicion-de-cuentas-2023","status":"publish","type":"page","link":"https:\/\/guel.gob.ec\/azuay\/rendicion-de-cuentas-2023\/","title":{"rendered":"Rendici\u00f3n de Cuentas 2023"},"content":{"rendered":"<p>La rendici\u00f3n de cuentas es un proceso mediante el cual quienes toman decisiones sobre la gesti\u00f3n de lo p\u00fablico, cumplen su deber y responsabilidad de explicar, dar a conocer o responder a la ciudadan\u00eda sobre el manejo de lo p\u00fablico y sus resultados.<\/p>\n<p>El objetivo de este espacio es facilitar el acceso directo a todo lo que deben saber para cumplir con la obligaci\u00f3n de rendir cuentas y conocer c\u00f3mo acceder a la informaci\u00f3n que entregaron en las diferentes etapas del proceso de rendici\u00f3n de cuentas 2023, y sus medio de verificaci\u00f3n.<\/p>\n<p>Estados Financieros:<\/p>\n<p><a href=\"https:\/\/guel.gob.ec\/azuay\/wp-content\/uploads\/2024\/06\/Balance-de-comprobacion.pdf\">Balance de comprobaci\u00f3n<\/a><\/p>\n<p><a href=\"https:\/\/guel.gob.ec\/azuay\/wp-content\/uploads\/2024\/06\/Cedula-Presupuestaria-Gastos.pdf\">C\u00e9dula Presupuestaria Gastos<\/a><\/p>\n<p><a href=\"https:\/\/guel.gob.ec\/azuay\/wp-content\/uploads\/2024\/06\/Cedula-Presupuestaria-Ingresos.pdf\">C\u00e9dula Presupuestaria Ingresos<\/a><\/p>\n<p><a href=\"https:\/\/guel.gob.ec\/azuay\/wp-content\/uploads\/2024\/06\/Estado-de-ejecucion-Presupuestaria.pdf\">Estado de ejecuci\u00f3n Presupuestaria<\/a><\/p>\n<p><a href=\"https:\/\/guel.gob.ec\/azuay\/wp-content\/uploads\/2024\/06\/Estado-de-Flujo-de-Efectivo.pdf\">Estado de Flujo de Efectivo<\/a><\/p>\n<p><a href=\"https:\/\/guel.gob.ec\/azuay\/wp-content\/uploads\/2024\/06\/Estado-de-resultados.pdf\">Estado de resultados<\/a><\/p>\n<p><a href=\"https:\/\/guel.gob.ec\/azuay\/wp-content\/uploads\/2024\/06\/Estado-de-Situacion-Financiera.pdf\">Estado de Situaci\u00f3n Financiera<\/a><\/p>\n<p>CONVOCATORIA<\/p>\n<p><a href=\"https:\/\/guel.gob.ec\/azuay\/wp-content\/uploads\/2024\/06\/CONVOCATORIA-signed.pdf\">CONVOCATORIA-signed<\/a><\/p>\n<p><img loading=\"lazy\" decoding=\"async\" class=\"alignnone size-medium wp-image-2277\" src=\"https:\/\/guel.gob.ec\/azuay\/wp-content\/uploads\/2024\/06\/INVITACION-550x550.jpeg\" alt=\"\" width=\"550\" height=\"550\" srcset=\"https:\/\/guel.gob.ec\/azuay\/wp-content\/uploads\/2024\/06\/INVITACION-550x550.jpeg 550w, https:\/\/guel.gob.ec\/azuay\/wp-content\/uploads\/2024\/06\/INVITACION-1024x1024.jpeg 1024w, https:\/\/guel.gob.ec\/azuay\/wp-content\/uploads\/2024\/06\/INVITACION-150x150.jpeg 150w, https:\/\/guel.gob.ec\/azuay\/wp-content\/uploads\/2024\/06\/INVITACION-768x768.jpeg 768w, https:\/\/guel.gob.ec\/azuay\/wp-content\/uploads\/2024\/06\/INVITACION.jpeg 1080w\" sizes=\"auto, (max-width: 550px) 100vw, 550px\" \/><\/p>\n<p>MEDIOS DE VERIFICACI\u00d3N RENDICI\u00d3N DE CUENTAS<\/p>\n<p><img loading=\"lazy\" decoding=\"async\" class=\"alignnone size-medium wp-image-2278\" src=\"https:\/\/guel.gob.ec\/azuay\/wp-content\/uploads\/2024\/06\/FOTO-550x413.jpeg\" alt=\"\" width=\"550\" height=\"413\" srcset=\"https:\/\/guel.gob.ec\/azuay\/wp-content\/uploads\/2024\/06\/FOTO-550x413.jpeg 550w, https:\/\/guel.gob.ec\/azuay\/wp-content\/uploads\/2024\/06\/FOTO-1024x768.jpeg 1024w, https:\/\/guel.gob.ec\/azuay\/wp-content\/uploads\/2024\/06\/FOTO-768x576.jpeg 768w, https:\/\/guel.gob.ec\/azuay\/wp-content\/uploads\/2024\/06\/FOTO-1536x1152.jpeg 1536w, https:\/\/guel.gob.ec\/azuay\/wp-content\/uploads\/2024\/06\/FOTO.jpeg 1600w\" sizes=\"auto, (max-width: 550px) 100vw, 550px\" \/> <img loading=\"lazy\" decoding=\"async\" class=\"alignnone size-medium wp-image-2279\" src=\"https:\/\/guel.gob.ec\/azuay\/wp-content\/uploads\/2024\/06\/FOTOO-550x413.jpeg\" alt=\"\" width=\"550\" height=\"413\" srcset=\"https:\/\/guel.gob.ec\/azuay\/wp-content\/uploads\/2024\/06\/FOTOO-550x413.jpeg 550w, https:\/\/guel.gob.ec\/azuay\/wp-content\/uploads\/2024\/06\/FOTOO-1024x768.jpeg 1024w, https:\/\/guel.gob.ec\/azuay\/wp-content\/uploads\/2024\/06\/FOTOO-768x576.jpeg 768w, https:\/\/guel.gob.ec\/azuay\/wp-content\/uploads\/2024\/06\/FOTOO-1536x1152.jpeg 1536w, https:\/\/guel.gob.ec\/azuay\/wp-content\/uploads\/2024\/06\/FOTOO.jpeg 1600w\" sizes=\"auto, (max-width: 550px) 100vw, 550px\" \/><\/p>\n<p>FIRMAS ENTREGA DE INFORMACI\u00d3N RENDICI\u00d3N DE CUENTAS<\/p>\n<p><a href=\"https:\/\/guel.gob.ec\/azuay\/wp-content\/uploads\/2024\/06\/FIRMAS-ENTREGA-DE-INFORMACION-RENDICION-DE-CUENTAS-1.pdf\">FIRMAS ENTREGA DE INFORMACI\u00d3N RENDICI\u00d3N DE CUENTAS<\/a><\/p>\n<p>RENDICI\u00d3N DE CUENTAS DIAPOSITIVAS<\/p>\n<p><a href=\"https:\/\/guel.gob.ec\/azuay\/wp-content\/uploads\/2024\/06\/RENDICION-DE-CUENTAS-DEL-ANO-2023.pptx\">RENDICI\u00d3N DE CUENTAS DEL A\u00d1O 2023<\/a><\/p>\n<p>REGISTRO DE ASISTENCIA RENDICI\u00d3N DE CUENTAS<\/p>\n<p><a href=\"https:\/\/guel.gob.ec\/azuay\/wp-content\/uploads\/2024\/06\/REGISTRO-ASISTENCIA-RENDICIO\u00b4N-DE-CUENTAS-1.pdf\">REGISTRO ASISTENCIA RENDICIO\u00b4N DE CUENTAS<\/a><\/p>\n<p>PROCESOS DE CONTRATACI\u00d3N PUBLICA<\/p>\n<p>https:\/\/www.compraspublicas.gob.ec\/ProcesoContratacion\/compras\/PC\/informacionProcesoContratacion2.cpe?idSoliCompra=vj5Qg94GlX8fDsmURLQSZRyu2SSkEI3ey-JXLp8bcVU,<\/p>\n<p>https:\/\/www.compraspublicas.gob.ec\/ProcesoContratacion\/compras\/PC\/informacionProcesoContratacion2.cpe?idSoliCompra=NgBk-Y3usb288dAE-kaaHK9X3Z7E4v_saypGRws2Qxk,<\/p>\n<p>https:\/\/www.compraspublicas.gob.ec\/ProcesoContratacion\/compras\/PC\/informacionProcesoContratacion2.cpe?idSoliCompra=8FyBqJm3xfodRevNlhLtpk50noQmHz3KCKccEFC7t-g,<\/p>\n<p>INFORME DE RENDICI\u00d3N DE CUENTAS CARGADO AL CPCCS<\/p>\n<p><a href=\"https:\/\/guel.gob.ec\/azuay\/wp-content\/uploads\/2024\/06\/ReporteInformeGad-1.pdf\">ReporteInformeGad<\/a><\/p>\n","protected":false},"excerpt":{"rendered":"<p>La rendici\u00f3n de cuentas es un proceso mediante el cual quienes toman decisiones sobre la gesti\u00f3n de lo p\u00fablico, cumplen su deber y responsabilidad de explicar, dar a conocer o responder a la ciudadan\u00eda sobre el manejo de lo p\u00fablico y sus resultados. El objetivo de este espacio es facilitar el acceso directo a todo [&hellip;]<\/p>\n","protected":false},"author":8,"featured_media":0,"parent":0,"menu_order":0,"comment_status":"closed","ping_status":"closed","template":"","meta":{"footnotes":""},"yst_prominent_words":[82,78,85,83,80],"class_list":["post-1675","page","type-page","status-publish","hentry"],"_links":{"self":[{"href":"https:\/\/guel.gob.ec\/azuay\/wp-json\/wp\/v2\/pages\/1675","targetHints":{"allow":["GET"]}}],"collection":[{"href":"https:\/\/guel.gob.ec\/azuay\/wp-json\/wp\/v2\/pages"}],"about":[{"href":"https:\/\/guel.gob.ec\/azuay\/wp-json\/wp\/v2\/types\/page"}],"author":[{"embeddable":true,"href":"https:\/\/guel.gob.ec\/azuay\/wp-json\/wp\/v2\/users\/8"}],"replies":[{"embeddable":true,"href":"https:\/\/guel.gob.ec\/azuay\/wp-json\/wp\/v2\/comments?post=1675"}],"version-history":[{"count":9,"href":"https:\/\/guel.gob.ec\/azuay\/wp-json\/wp\/v2\/pages\/1675\/revisions"}],"predecessor-version":[{"id":2286,"href":"https:\/\/guel.gob.ec\/azuay\/wp-json\/wp\/v2\/pages\/1675\/revisions\/2286"}],"wp:attachment":[{"href":"https:\/\/guel.gob.ec\/azuay\/wp-json\/wp\/v2\/media?parent=1675"}],"wp:term":[{"taxonomy":"yst_prominent_words","embeddable":true,"href":"https:\/\/guel.gob.ec\/azuay\/wp-json\/wp\/v2\/yst_prominent_words?post=1675"}],"curies":[{"name":"wp","href":"https:\/\/api.w.org\/{rel}","templated":true}]}}