{"id":447,"date":"2016-03-20T16:08:18","date_gmt":"2016-03-20T20:08:18","guid":{"rendered":"http:\/\/guel.gob.ec\/azuay\/?page_id=447"},"modified":"2017-06-29T11:01:12","modified_gmt":"2017-06-29T15:01:12","slug":"rendicion-de-cuentas-2016","status":"publish","type":"page","link":"https:\/\/guel.gob.ec\/azuay\/rendicion-de-cuentas-2016\/","title":{"rendered":"Rendici\u00f3n de Cuentas 2016"},"content":{"rendered":"<p><strong>Que<\/strong>.- en el art\u00edculo 90 de la ley org\u00e1nica de participaci\u00f3n ciudadana y Control Social. Sujetos obligados.- Las autoridades del Estado, electas o de libre remoci\u00f3n, representantes legales de las empresas p\u00fablicas o personas jur\u00eddicas del sector privado que manejen fondos p\u00fablicos o desarrollen actividades de inter\u00e9s p\u00fablico, los medios de comunicaci\u00f3n social, a trav\u00e9s de sus representantes legales, est\u00e1n obligados a rendir cuentas, sin perjuicio de las responsabilidades que tienen las servidoras y los servidores p\u00fablicos sobre sus actos y omisiones. En caso de incumplimiento de dicha obligaci\u00f3n, se proceder\u00e1 de conformidad con la Ley Org\u00e1nica del Consejo de Participaci\u00f3n Ciudadana y Control Social.<\/p>\n<p><strong>Art. 91<\/strong><\/p>\n<p><strong>Objetivos<\/strong>: garantiza a los mandantes el acceso de la informaci\u00f3n de manera peri\u00f3dica y permanente, con respecto a la gesti\u00f3n p\u00fablica.<\/p>\n<p><strong>\u00a0Facilitar<\/strong> el ejercicio del derecho a ejecutar el control social de las acciones u omisiones de los y las gobernantes, funcionarias y funcionarios, o de quienes manejan fondos p\u00fablicos.<\/p>\n<p><strong>Vigilar<\/strong> el cumplimiento de las pol\u00edticas p\u00fablicas; Prevenir y evitar la corrupci\u00f3n y el mal gobierno<\/p>\n<p>Convocatoria<\/p>\n<p><a href=\"http:\/\/guel.gob.ec\/azuay\/wp-content\/uploads\/2016\/03\/Acta.pdf\">Acta Conformaci\u00f3n del Equipo T\u00e9cnico<\/a><\/p>\n<p><a href=\"http:\/\/guel.gob.ec\/azuay\/wp-content\/uploads\/2016\/03\/Resolucion-002.pdf\">Resoluci\u00f3n 002<\/a><\/p>\n<p>&nbsp;<\/p>\n<p><img loading=\"lazy\" decoding=\"async\" class=\"alignnone size-medium wp-image-659\" src=\"http:\/\/guel.gob.ec\/azuay\/wp-content\/uploads\/2016\/03\/18623167_1193368594122260_481468817_n-550x389.jpg\" alt=\"\" width=\"550\" height=\"389\" data-id=\"659\" srcset=\"https:\/\/guel.gob.ec\/azuay\/wp-content\/uploads\/2016\/03\/18623167_1193368594122260_481468817_n-550x389.jpg 550w, https:\/\/guel.gob.ec\/azuay\/wp-content\/uploads\/2016\/03\/18623167_1193368594122260_481468817_n-768x543.jpg 768w, https:\/\/guel.gob.ec\/azuay\/wp-content\/uploads\/2016\/03\/18623167_1193368594122260_481468817_n.jpg 883w\" sizes=\"auto, (max-width: 550px) 100vw, 550px\" \/><\/p>\n<p><a href=\"http:\/\/guel.gob.ec\/azuay\/wp-content\/uploads\/2016\/03\/Registros-de-Asistencias-.pdf\">Registros de Asistencias<\/a><\/p>\n<p><a href=\"http:\/\/guel.gob.ec\/azuay\/wp-content\/uploads\/2016\/03\/diapositivas-rendicion-de-cuentas-2016.pptx\">diapositivas rendici\u00f3n de cuentas 2016<\/a><\/p>\n<p>Respuestas a las inquietudes presentadas por la ciudadan\u00eda.-<\/p>\n<p><a href=\"http:\/\/guel.gob.ec\/azuay\/wp-content\/uploads\/2016\/03\/ASENTAMIENTOS-HUMANOS.pdf\">Asentamientos Humanos<\/a><\/p>\n<p><a href=\"http:\/\/guel.gob.ec\/azuay\/wp-content\/uploads\/2016\/03\/ECONMICO-PRODUCTIVO.pdf\">Econ\u00f3mico Productivo<\/a><\/p>\n<p><a href=\"http:\/\/guel.gob.ec\/azuay\/wp-content\/uploads\/2016\/03\/MOVILIDAD-ENERG\u00cdA-Y-CONECTIVIDAD.pdf\">Movilidad, Energ\u00eda y Colectividad<\/a><\/p>\n<p><a href=\"http:\/\/guel.gob.ec\/azuay\/wp-content\/uploads\/2016\/03\/PROTECCI\u00d3N-AMBIENTAL.pdf\">Protecci\u00f3n \u00a0Ambiental\u00a0<\/a><\/p>\n<p><a href=\"http:\/\/guel.gob.ec\/azuay\/wp-content\/uploads\/2016\/03\/SOCIO-CULTURAL.pdf\">Socio Cultural\u00a0<\/a><\/p>\n<p><a href=\"http:\/\/guel.gob.ec\/azuay\/wp-content\/uploads\/2016\/03\/Formulario-Rendicion-de-Cuentas-2016.pdf\">Formulario Rendici\u00f3n de Cuentas 2016<\/a><\/p>\n<p>&nbsp;<\/p>\n","protected":false},"excerpt":{"rendered":"<p>Que.- en el art\u00edculo 90 de la ley org\u00e1nica de participaci\u00f3n ciudadana y Control Social. Sujetos obligados.- Las autoridades del Estado, electas o de libre remoci\u00f3n, representantes legales de las empresas p\u00fablicas o personas jur\u00eddicas del sector privado que manejen fondos p\u00fablicos o desarrollen actividades de inter\u00e9s p\u00fablico, los medios de comunicaci\u00f3n social, a trav\u00e9s [&hellip;]<\/p>\n","protected":false},"author":8,"featured_media":0,"parent":0,"menu_order":0,"comment_status":"closed","ping_status":"closed","template":"","meta":{"footnotes":""},"yst_prominent_words":[],"class_list":["post-447","page","type-page","status-publish","hentry"],"_links":{"self":[{"href":"https:\/\/guel.gob.ec\/azuay\/wp-json\/wp\/v2\/pages\/447","targetHints":{"allow":["GET"]}}],"collection":[{"href":"https:\/\/guel.gob.ec\/azuay\/wp-json\/wp\/v2\/pages"}],"about":[{"href":"https:\/\/guel.gob.ec\/azuay\/wp-json\/wp\/v2\/types\/page"}],"author":[{"embeddable":true,"href":"https:\/\/guel.gob.ec\/azuay\/wp-json\/wp\/v2\/users\/8"}],"replies":[{"embeddable":true,"href":"https:\/\/guel.gob.ec\/azuay\/wp-json\/wp\/v2\/comments?post=447"}],"version-history":[{"count":13,"href":"https:\/\/guel.gob.ec\/azuay\/wp-json\/wp\/v2\/pages\/447\/revisions"}],"predecessor-version":[{"id":681,"href":"https:\/\/guel.gob.ec\/azuay\/wp-json\/wp\/v2\/pages\/447\/revisions\/681"}],"wp:attachment":[{"href":"https:\/\/guel.gob.ec\/azuay\/wp-json\/wp\/v2\/media?parent=447"}],"wp:term":[{"taxonomy":"yst_prominent_words","embeddable":true,"href":"https:\/\/guel.gob.ec\/azuay\/wp-json\/wp\/v2\/yst_prominent_words?post=447"}],"curies":[{"name":"wp","href":"https:\/\/api.w.org\/{rel}","templated":true}]}}