{"id":450,"date":"2016-03-20T16:14:22","date_gmt":"2016-03-20T20:14:22","guid":{"rendered":"http:\/\/guel.gob.ec\/azuay\/?page_id=450"},"modified":"2017-06-06T12:48:08","modified_gmt":"2017-06-06T16:48:08","slug":"rendicion-de-cuentas-2015","status":"publish","type":"page","link":"https:\/\/guel.gob.ec\/azuay\/rendicion-de-cuentas-2015\/","title":{"rendered":"Rendici\u00f3n de Cuentas 2015"},"content":{"rendered":"<p><strong>Que<\/strong>.- en el art\u00edculo 90 de la ley org\u00e1nica de participaci\u00f3n ciudadana y Control Social. Sujetos obligados.- Las autoridades del Estado, electas o de libre remoci\u00f3n, representantes legales de las empresas p\u00fablicas o personas jur\u00eddicas del sector privado que manejen fondos p\u00fablicos o desarrollen actividades de inter\u00e9s p\u00fablico, los medios de comunicaci\u00f3n social, a trav\u00e9s de sus representantes legales, est\u00e1n obligados a rendir cuentas, sin perjuicio de las responsabilidades que tienen las servidoras y los servidores p\u00fablicos sobre sus actos y omisiones. En caso de incumplimiento de dicha obligaci\u00f3n, se proceder\u00e1 de conformidad con la Ley Org\u00e1nica del Consejo de Participaci\u00f3n Ciudadana y Control Social.<\/p>\n<p><strong>Art. 91<\/strong><\/p>\n<p><strong>Objetivos<\/strong>: garantiza a los mandantes el acceso de la informaci\u00f3n de manera peri\u00f3dica y permanente, con respecto a la gesti\u00f3n p\u00fablica.<\/p>\n<p><strong>\u00a0Facilitar<\/strong> el ejercicio del derecho a ejecutar el control social de las acciones u omisiones de los y las gobernantes, funcionarias y funcionarios, o de quienes manejan fondos p\u00fablicos.<\/p>\n<p><strong>Vigilar<\/strong> el cumplimiento de las pol\u00edticas p\u00fablicas; Prevenir y evitar la corrupci\u00f3n y el mal gobierno<\/p>\n<p>&nbsp;<\/p>\n<p>&nbsp;<\/p>\n<p>CONFORMACI\u00d3N DE LA COMISI\u00d3N PARA LA RENDICI\u00d3N DE CUENTAS \u00a02015<\/p>\n<p>&nbsp;<\/p>\n<p>PLAN DE DESARROLLO Y ORDENAMIENTO TERRITORIAL<\/p>\n<p><a href=\"http:\/\/guel.gob.ec\/azuay\/wp-content\/uploads\/2014\/10\/DOCUMENTO-FINAL.pdf\">DOCUMENTO FINAL<\/a><\/p>\n<p>PROGRAMA GRUPOS DE ATENCI\u00d3N PRIORITARIA<\/p>\n<p><a href=\"http:\/\/guel.gob.ec\/azuay\/wp-content\/uploads\/2016\/03\/Inversiones-los-grupos-de-atenci\u00f3n-prioritaria.pdf\">Inversiones los Grupos de Atenci\u00f3n Prioritaria<\/a><\/p>\n<p>CONTINUIDAD EN LA EJECUCI\u00d3N DEL CONVENIO CON EL MAE PARA LA FORESTACI\u00d3N Y REFORESTACI\u00d3N Y REFORESTACI\u00d3N Y PROTECCI\u00d3N DE LAS FUENTES H\u00cdDRICAS<\/p>\n<p><a href=\"http:\/\/guel.gob.ec\/azuay\/wp-content\/uploads\/2016\/03\/ACTA-RESOLUCION-.pdf\">ACTA RESOLUCI\u00d3N<\/a><\/p>\n<p><a href=\"http:\/\/guel.gob.ec\/azuay\/wp-content\/uploads\/2016\/03\/CONVENIO-ASOCIA.pdf\">CONVENIO ASOCI<\/a><a href=\"http:\/\/guel.gob.ec\/azuay\/wp-content\/uploads\/2016\/03\/ACTA-RESOLUCION-.pdf\">A<\/a><a href=\"http:\/\/guel.gob.ec\/azuay\/wp-content\/uploads\/2016\/03\/ACTA-RESOLUCION-.pdf\">CI\u00d3N<\/a><\/p>\n<p><a href=\"http:\/\/guel.gob.ec\/azuay\/wp-content\/uploads\/2016\/03\/FACTURA.pdf\">FACTURA<\/a><\/p>\n<p>CONVENIO CON EL MIES PARA IMPLANTACI\u00d3N DE VISITAS DOMICILIARIAS<\/p>\n<p><a href=\"http:\/\/guel.gob.ec\/azuay\/wp-content\/uploads\/2016\/03\/CONVENIO-CON-EL-MIES.pdf\">CONVENIO CON EL MIES<\/a><\/p>\n<p><a href=\"http:\/\/guel.gob.ec\/azuay\/wp-content\/uploads\/2016\/03\/CONTRATO-FACILITADORA-VISITAS-DOMICILIARIAS.pdf\">CONTRATO FACILITADORA VISITAS DOMICILIARIAS<\/a><\/p>\n<p>CONVENIO CON LA MUNICIPALIDAD DE S\u00cdGSIG PARA LA EJECUCI\u00d3N DE ASFALTADO EN LAS CALLES C\u00c9NTRICAS DE LA PARROQUIA<\/p>\n<p><a href=\"http:\/\/guel.gob.ec\/azuay\/wp-content\/uploads\/2016\/03\/CONVENIO-MUNICIPALIDAD-DE-SIGSIG.pdf\">CONVENIO MUNICIPALIDAD DE SIGSIG<\/a><\/p>\n<p><a href=\"http:\/\/guel.gob.ec\/azuay\/wp-content\/uploads\/2016\/03\/FACTURA-CONTRAPARTE-CONVENIO-GAD-GUEL.pdf\">FACTURA CONTRAPARTE CONVENIO GAD GUEL<\/a><\/p>\n<p>PAGO DEL CR\u00c9DITO DE LA CONSTRUCCI\u00d3N I ETAPA CEMENTERIO<\/p>\n<p><a href=\"http:\/\/guel.gob.ec\/azuay\/wp-content\/uploads\/2016\/03\/TABLA-DE-PAGO.pdf\">TABLA DE PAGO<\/a><\/p>\n<p>MANTENIMIENTO DE 10.90 KM DE VIALIDAD RURAL<\/p>\n<p>&nbsp;<\/p>\n<p>CONVENIO CON LA MUNICIPALIDAD DE S\u00cdGSIG PARA LA EJECUCI\u00d3N DE ALCANTARILLADO EN EL SECTOR DE RODEO<\/p>\n<p><a href=\"http:\/\/guel.gob.ec\/azuay\/wp-content\/uploads\/2016\/03\/CONVENIO-ALCANTARILLADO-RODEO.pdf\">CONVENIO ALCANTARILLADO RODEO<\/a><\/p>\n<p><a href=\"http:\/\/guel.gob.ec\/azuay\/wp-content\/uploads\/2016\/03\/GAD-GUEL.pdf\">GAD GUEL<\/a><\/p>\n<p>CONTRAPARTE PARA LA EJECUCION DEL CONVENIO CON EL FEPP PARA EL FORTALECIMIENTO DE LA ASOCIACI\u00d3N DE PRODUCTORES DE LA PARROQUIA G\u00dcEL<\/p>\n<p><a href=\"http:\/\/guel.gob.ec\/azuay\/wp-content\/uploads\/2016\/03\/COMPRA-DE-MOTO-BOMBA.pdf\">COMPRA DE MOTO BOMBA<\/a><\/p>\n<p><a href=\"http:\/\/guel.gob.ec\/azuay\/wp-content\/uploads\/2016\/03\/SACOS-DE-CASCARILLA-PREPARACIONN-DE-ABONO.pdf\">SACOS DE CASCARILLA PREPARACIONN DE ABONO<\/a><\/p>\n<p>CONSTRUCCI\u00d3N DE LA CASA PARROQUIAL G\u00dcEL<\/p>\n<p>CONVENIO CON LA MUNICIPALIDAD DE S\u00cdGSIG PARA LA EJECUCI\u00d3N DE ALCANTARILLADO EN EL SECTOR DE CUCHIGUZO ALQUILER DE MAQUINARIA<\/p>\n<p>CONVENIO CON LA MUNICIPALIDAD DE S\u00cdGSIG PARA LA COLOCACI\u00d3N DEL TECHO MET\u00c1LICO DE LA CASETA UBICADA EN EL PARQUE CENTRAL, COLOCACI\u00d3N TABLEROS PARA B\u00c1SQUET<\/p>\n<p>PRESUPUESTO DE LA INSTITUCI\u00d3N<\/p>\n<p style=\"text-align: center;\"><strong>RENDICI\u00d3N DE CUENTAS \u00a02014<\/strong><\/p>\n<p style=\"text-align: left;\">El proceso de rendici\u00f3n de cuentas es obligatorio de realizar por todos las instituciones publicas, no obstante el GAD Parroquial G\u00fcel lo hace satisfactoriamente en respuesta a la confianza brindada por parte de sus mandantes, para una mejor comprensi\u00f3n del proceso se ha divido seg\u00fan sus actividades, en cada actividad cuenta con breve explicaci\u00f3n y se adjuntan justificativos tales como: presentaciones de la inversi\u00f3n realizada, facturas, actas de entrega recepci\u00f3n, entre otros.<\/p>\n<p style=\"text-align: left;\">Aqu\u00ed iniciamos nuestra rendici\u00f3n de cuentas:<\/p>\n<p style=\"text-align: center;\"><strong>Mantenimiento Vial 2014<\/strong><\/p>\n<p style=\"text-align: center;\"><strong>\u00a0<\/strong><\/p>\n<p>En el 2014\u00a0 se hace la inversi\u00f3n de 53.141.00 d\u00f3lares americanos, logrando intervenir en 7,5 Km de vialidad rural de la parroquia, es importante mencionar que el GAD Provincial por medio de ordenanza delega las competencias a los gobiernos Parroquiales, por lo que es de neta justificaci\u00f3n la inversi\u00f3n en estas v\u00edas.<\/p>\n<p>Justificativos:<\/p>\n<p style=\"text-align: center;\"><b>\u00a0\u00a0<\/b><\/p>\n<p><a href=\"http:\/\/guel.gob.ec\/azuay\/wp-content\/uploads\/2014\/10\/ACTA-DE-ENTREGA-RECEPCION.pdf\">ACTA DE ENTREGA RECEPCI\u00d3N<\/a><\/p>\n<p><b><a href=\"http:\/\/guel.gob.ec\/azuay\/wp-content\/uploads\/2015\/03\/Mantenimiento-Vial-en-el-a\u00f1o-2014-2.pptx\">Mantenimiento Vial en el a\u00f1o 2014 (2)<\/a>\u00a0<\/b><\/p>\n<p style=\"text-align: center;\"><strong>ATENCI\u00d3N AL GRUPO PRIORITARIO<\/strong><\/p>\n<p style=\"text-align: left;\">Las personas que conforman el sector prioritario ( adultos mayores, ni\u00f1os, ni\u00f1as, adolescentes y discapacitados) tienen derecho a ser parte del presupuesto parroquial, por lo que en funci\u00f3n de sus derechos el GAD Parroquial G\u00fcel: implementa espacios alternativos, paseo de integraci\u00f3n \u00a0con los Adultos Mayores, se organiza las colonias vacacionales que involucran a los ni\u00f1os, ni\u00f1as, adolescentes y se celebra el d\u00eda de las discapacidades en las que se involucran a los discapacitados.<\/p>\n<p style=\"text-align: left;\">Justificativos:<\/p>\n<p style=\"text-align: left;\"><a href=\"http:\/\/guel.gob.ec\/azuay\/wp-content\/uploads\/2014\/10\/JUSTIFICATIVOS-ACTIVIDADES-SECTOR-PRIORITARIO.docx\">JUSTIFICATIVOS ACTIVIDADES SECTOR PRIORITARIO<\/a><\/p>\n<p style=\"text-align: left;\"><a href=\"http:\/\/guel.gob.ec\/azuay\/wp-content\/uploads\/2014\/10\/INVERSI\u00d3N-EN-EL-SECTOR-PRIORITARIO.pptx\">INVERSI\u00d3N-EN-EL-SECTOR-PRIORITARIO<\/a><\/p>\n<p style=\"text-align: center;\"><strong>CONFORMACI\u00d3N DEL SISTEMA DE PARTICIPACI\u00d3N LOCAL<\/strong><\/p>\n<p style=\"text-align: left;\">Cumpliendo con lo estipulado en el COOTAD el GAD Parroquial G\u00fcel lleva a cabo la conformaci\u00f3n del Sistema de participaci\u00f3n local, el mismo que esta conformado por las siguientes representantes sectoriales e institucionales:<\/p>\n<table width=\"816\">\n<tbody>\n<tr>\n<td width=\"302\"><b>Nombre<\/b><\/td>\n<td width=\"514\"><b>Instancia<\/b><\/td>\n<\/tr>\n<tr>\n<td width=\"302\">Sr. Jorge Ortega Sarmiento<\/td>\n<td width=\"514\">Presidente<\/td>\n<\/tr>\n<tr>\n<td width=\"302\">Sra. Teresita Salinas<\/td>\n<td width=\"514\">Vocal<\/td>\n<\/tr>\n<tr>\n<td width=\"302\">Sra. Esthela Sarmiento<\/td>\n<td width=\"514\">T\u00e9cnica<\/td>\n<\/tr>\n<tr>\n<td width=\"302\">Sr. Luis Sarmiento Tello<\/td>\n<td width=\"514\">Representante de la sociedad civil<\/td>\n<\/tr>\n<tr>\n<td width=\"302\">Sra. Julia Le\u00f3n<\/td>\n<td width=\"514\">Representante de la sociedad civil<\/td>\n<\/tr>\n<tr>\n<td width=\"302\">Sra. Martha\u00a0 Ortega<\/td>\n<td width=\"514\">Representante de la sociedad civil<\/td>\n<\/tr>\n<\/tbody>\n<\/table>\n<p>Justificativos:<\/p>\n<p><a href=\"http:\/\/guel.gob.ec\/azuay\/wp-content\/uploads\/2014\/10\/Registro-de-Firmas.docx\">Registro de Firmas<\/a><\/p>\n<p style=\"text-align: center;\"><strong>APOYO A LOS PRODUCTORES G\u00dcELENCES.<\/strong><\/p>\n<p style=\"text-align: left;\">En la Parroquia de G\u00fcel la producci\u00f3n agropecuaria es de vital importancia, debido a la alta fertilidad de sus terrenos y condiciones aptas para esta producci\u00f3n, el GAD G\u00fcel interesado en ver el progreso en este sector ejecuta el proyecto;\u00a0<strong>MEJORAMIENTO DE LAS INSTALACIONES Y\u00a0\u00c1REAS\u00a0DE PASTO PARA LA\u00a0PRODUCCI\u00d3N\u00a0TECNIFICADA DE CUYES EN LA PARROQUIA DE G\u00dcEL.\u00a0<\/strong><\/p>\n<p style=\"text-align: left;\">Justificativos:<\/p>\n<p style=\"text-align: left;\"><a href=\"http:\/\/guel.gob.ec\/azuay\/wp-content\/uploads\/2014\/10\/INVERSI\u00d3N-PRODUCTORES..pptx\">INVERSI\u00d3N PRODUCTORES.<\/a><\/p>\n<p style=\"text-align: left;\"><a href=\"http:\/\/guel.gob.ec\/azuay\/wp-content\/uploads\/2014\/10\/JUSTIFICATIVOS-INVERSI\u00d3N-EN-PRODUCCI\u00d3N.docx\">JUSTIFICATIVOS INVERSI\u00d3N EN PRODUCCI\u00d3N<\/a><\/p>\n<p style=\"text-align: left;\"><a href=\"http:\/\/guel.gob.ec\/azuay\/wp-content\/uploads\/2014\/10\/PROYECTO-ADAF-G\u00dcEL.docx\">PROYECTO ADAF G\u00dcEL<\/a><\/p>\n<p style=\"text-align: center;\"><strong>NOTARIZACI\u00d3N \u00a0E INSCRIPCI\u00d3N TERRENO DONDE FUNCIONA LA TENENCIA POL\u00cdTICA<\/strong><\/p>\n<p style=\"text-align: left;\">El GAD Parroquial preocupado en la legalizaci\u00f3n de todos los terrenos pertenecientes a nuestra parroquia, para su futura inversi\u00f3n en caso de requerirse.<\/p>\n<p style=\"text-align: left;\">Justificativos:<\/p>\n<p style=\"text-align: left;\"><a href=\"http:\/\/guel.gob.ec\/azuay\/wp-content\/uploads\/2014\/10\/NOTARIZACI\u00d3N-E-INSCRIPCI\u00d3N-DE-TERRENOS-PARROQUIALES.pptx\">NOTARIZACI\u00d3N E INSCRIPCI\u00d3N DE TERRENOS PARROQUIALES<\/a><\/p>\n<p style=\"text-align: left;\"><a href=\"http:\/\/guel.gob.ec\/azuay\/wp-content\/uploads\/2014\/10\/PAGO-AL-REGISTRO-DE-LA-PROPIEDAD-Y-NOTAR\u00cdA1.docx\">PAGO AL REGISTRO DE LA PROPIEDAD Y NOTAR\u00cdA<\/a><\/p>\n<p style=\"text-align: center;\"><strong>COMPRA DE MATERIALES PARA CONSTRUCCI\u00d3N DE PUENTE EN EL RI\u00d3 MINAS<\/strong><\/p>\n<p style=\"text-align: center;\">Respondiendo a la preocupaci\u00f3n de las personas afectadas por la falta de puente en el r\u00edo minas, mismo que es de gran importancia para la producci\u00f3n ganadera el GAD Parroquial en conjunto con la tenencia pol\u00edtica y personas beneficiarias de este puente, se realiza un gran minga en la que se realiza la construcci\u00f3n del mismo.<\/p>\n<p style=\"text-align: left;\">Justificativos:<\/p>\n<p style=\"text-align: left;\"><a href=\"http:\/\/guel.gob.ec\/azuay\/wp-content\/uploads\/2014\/10\/ADQUISICI\u00d3N-DE-MATERIALES-PARA-EL-PUENTE-DE-MINAS.pptx\">ADQUISICI\u00d3N DE MATERIALES PARA EL PUENTE DE MINAS<\/a><\/p>\n<p style=\"text-align: left;\"><a href=\"http:\/\/guel.gob.ec\/azuay\/wp-content\/uploads\/2014\/10\/PAGO-DE-MATERIALES.docx\">PAGO DE MATERIALES<\/a><\/p>\n<p style=\"text-align: center;\"><strong>ACTIVIDADES EN EL CEMENTERIO PARROQUIAL\u00a0<\/strong><\/p>\n<p style=\"text-align: left;\">Con el af\u00e1n de mantener en buen estado el cementerio parroquial el GAD Parroquial financia el mantenimiento del mismo, su alumbrado y continua con el pago de su pr\u00e9stamo.<\/p>\n<p style=\"text-align: left;\">Justificativos:<\/p>\n<p style=\"text-align: left;\"><a href=\"http:\/\/guel.gob.ec\/azuay\/wp-content\/uploads\/2015\/03\/TABLA-DE-AMORTIZACION.pdf\">TABLA DE AMORTIZACION<\/a><\/p>\n<p style=\"text-align: left;\"><a href=\"http:\/\/guel.gob.ec\/azuay\/wp-content\/uploads\/2014\/10\/PAGO-DE-I-ETAPA-MANTENIMIENTO-Y-ALUMBRADO-CEMENTERIO.pptx\">PAGO DE I ETAPA MANTENIMIENTO Y ALUMBRADO CEMENTERIO<\/a><\/p>\n<p style=\"text-align: left;\">ESPERAMOS QUE ESTA INFORMACI\u00d3N AYA SIDO DE SU AGRADO, PARA CONSULTAS Y SUGERENCIAS CONT\u00c1CTENOS:<\/p>\n<p style=\"text-align: left;\">Direcci\u00f3n. Padre Antonio Guzm\u00e1n y Nicol\u00e1s Escand\u00f3n, esquina.<\/p>\n<p style=\"text-align: left;\">Tel\u00e9fono: 2-296-319<\/p>\n<p style=\"text-align: left;\">E-mail: gobiernoparroquialguel@yahoo.com<\/p>\n<p style=\"text-align: left;\">TAMBI\u00c9N NOS PUEDES ENCONTRAR \u00a0EN FACEBOOK COMO: Gobierno Parroquial G\u00fcel<\/p>\n<p>&nbsp;<\/p>\n","protected":false},"excerpt":{"rendered":"<p>Que.- en el art\u00edculo 90 de la ley org\u00e1nica de participaci\u00f3n ciudadana y Control Social. Sujetos obligados.- Las autoridades del Estado, electas o de libre remoci\u00f3n, representantes legales de las empresas p\u00fablicas o personas jur\u00eddicas del sector privado que manejen fondos p\u00fablicos o desarrollen actividades de inter\u00e9s p\u00fablico, los medios de comunicaci\u00f3n social, a trav\u00e9s [&hellip;]<\/p>\n","protected":false},"author":8,"featured_media":0,"parent":0,"menu_order":0,"comment_status":"closed","ping_status":"closed","template":"","meta":{"footnotes":""},"yst_prominent_words":[],"class_list":["post-450","page","type-page","status-publish","hentry"],"_links":{"self":[{"href":"https:\/\/guel.gob.ec\/azuay\/wp-json\/wp\/v2\/pages\/450","targetHints":{"allow":["GET"]}}],"collection":[{"href":"https:\/\/guel.gob.ec\/azuay\/wp-json\/wp\/v2\/pages"}],"about":[{"href":"https:\/\/guel.gob.ec\/azuay\/wp-json\/wp\/v2\/types\/page"}],"author":[{"embeddable":true,"href":"https:\/\/guel.gob.ec\/azuay\/wp-json\/wp\/v2\/users\/8"}],"replies":[{"embeddable":true,"href":"https:\/\/guel.gob.ec\/azuay\/wp-json\/wp\/v2\/comments?post=450"}],"version-history":[{"count":16,"href":"https:\/\/guel.gob.ec\/azuay\/wp-json\/wp\/v2\/pages\/450\/revisions"}],"predecessor-version":[{"id":547,"href":"https:\/\/guel.gob.ec\/azuay\/wp-json\/wp\/v2\/pages\/450\/revisions\/547"}],"wp:attachment":[{"href":"https:\/\/guel.gob.ec\/azuay\/wp-json\/wp\/v2\/media?parent=450"}],"wp:term":[{"taxonomy":"yst_prominent_words","embeddable":true,"href":"https:\/\/guel.gob.ec\/azuay\/wp-json\/wp\/v2\/yst_prominent_words?post=450"}],"curies":[{"name":"wp","href":"https:\/\/api.w.org\/{rel}","templated":true}]}}