{"id":496,"date":"2017-01-30T20:40:01","date_gmt":"2017-01-31T00:40:01","guid":{"rendered":"http:\/\/guel.gob.ec\/azuay\/?page_id=496"},"modified":"2018-04-25T13:20:44","modified_gmt":"2018-04-25T17:20:44","slug":"rendicion-de-cuentas-2017","status":"publish","type":"page","link":"https:\/\/guel.gob.ec\/azuay\/rendicion-de-cuentas-2017\/","title":{"rendered":"Rendici\u00f3n de Cuentas 2017"},"content":{"rendered":"<p><a href=\"http:\/\/guel.gob.ec\/azuay\/wp-content\/uploads\/2017\/01\/Convocatoria-y-Acta-de-Conformacion-del-Equipo-Mixto.pdf\">Convocatoria y Acta de Conformacion del Equipo Mixto<\/a><\/p>\n<p><a href=\"http:\/\/guel.gob.ec\/azuay\/wp-content\/uploads\/2017\/01\/Resolucion-de-Conformacion-del-Equipo.pdf\">Resolucion de Conformacion del Equipo<\/a><\/p>\n<p><a href=\"http:\/\/guel.gob.ec\/azuay\/wp-content\/uploads\/2017\/01\/Registro-de-Entrega-de-Informacion-.pdf\">Registro de Entrega de Informacion<\/a><\/p>\n<p><a href=\"http:\/\/guel.gob.ec\/azuay\/wp-content\/uploads\/2017\/01\/Formulario-de-Preguntas-de-la-Ciudadania.pdf\">Formulario de Preguntas de la Ciudadania<\/a><\/p>\n<p><a href=\"http:\/\/guel.gob.ec\/azuay\/wp-content\/uploads\/2017\/01\/Registro-de-Entrega-de-Invitaciones-a-la-Deliveracion-Publica.pdf\">Registro de Entrega de Invitaciones a la Deliberacion Publica<\/a><\/p>\n<p>&nbsp;<\/p>\n<p><img loading=\"lazy\" decoding=\"async\" class=\"alignnone size-medium wp-image-745\" src=\"http:\/\/guel.gob.ec\/azuay\/wp-content\/uploads\/2017\/01\/img072-550x320.jpg\" alt=\"\" width=\"550\" height=\"320\" data-id=\"745\" srcset=\"https:\/\/guel.gob.ec\/azuay\/wp-content\/uploads\/2017\/01\/img072-550x320.jpg 550w, https:\/\/guel.gob.ec\/azuay\/wp-content\/uploads\/2017\/01\/img072.jpg 700w\" sizes=\"auto, (max-width: 550px) 100vw, 550px\" \/><\/p>\n<p><a href=\"http:\/\/guel.gob.ec\/azuay\/wp-content\/uploads\/2017\/01\/Registro-de-Asistencia-a-la-Deliberacion-Publica.pdf\">Registro de Asistencia a la Deliberacion Publica<\/a><\/p>\n<p style=\"text-align: center;\">PROYECTOS Y PROGRAMAS REALIZADOS PARA EL BIENESTAR DE LOS GRUPOS DE ATENCION PRIORITARIA.<\/p>\n<p>El GAD Parroquial G\u00fcel, preocupado en el bienestar de los grupos de atenci\u00f3n prioritaria de nuestra parroquia, realiza proyectos en beneficio de estos grupos,<\/p>\n<p>COMPETENCIA CONCURRENTE DEL GAD PARROQUIAL.-<\/p>\n<p>Todos los presupuestos de los GAD\u00b4s para ser aprobados deben tener un 10% de inversi\u00f3n en grupos de atencion prioritaria.<\/p>\n<p>En el siguiente Power Point se detalla la inversi\u00f3n en estos sectores. La gesti\u00f3n realizada nos permite mejorar la atenci\u00f3n a estos grupos.<\/p>\n<p><a href=\"http:\/\/guel.gob.ec\/azuay\/wp-content\/uploads\/2017\/01\/PROGRAMAS-REALIZADOS-EN-EL-AREA-SOCIAL.pptx\">PROGRAMAS REALIZADOS EN EL \u00c1REA SOCIAL<\/a><\/p>\n<p style=\"text-align: center;\">PROYECTOS REALIZADOS POR EL MANTENIMIENTO Y CONSTRUCCION DE ESPACIOS PUBLICOS DE LA PARROQUIA.<\/p>\n<p>Considerando que los espacios publicos como los parques, casas comunales y multi-canchas, son lugares usados para la recreaci\u00f3n. Estos son espacios donde los habitantes de una parroquia pueden expresarse libremente de forma art\u00edstica, deportiva y cultural.<\/p>\n<p>Es por eso que debemos reconocer la importancia que estas piezas poseen en el desarrollo de nuestra sociedad. El contar con este tipo de espacios define el actuar de las personas dentro de una parroquia con buenas relaciones.<\/p>\n<p>COMPETENCIA EXCLUSIVA DEL GAD PARROQUIAL G\u00dcEL<\/p>\n<div>b) Planificar, construir y mantener la infraestructura f\u00edsica, los equipamientos y los espacios p\u00fablicos de la parroquia, contenidos en los planes de desarrollo e incluidos en los presupuestos participativos anuales;<\/div>\n<div><\/div>\n<div>En la siguiente presentaci\u00f3n se exponen los proyectos que se realizaron por el mejoramiento de los espacios publicos de la parroquia.<\/div>\n<div><a href=\"http:\/\/guel.gob.ec\/azuay\/wp-content\/uploads\/2017\/01\/OBRAS-EN-ESPACIOS-PUBLICOS.pptx\">OBRAS EN ESPACIOS PUBLICOS<\/a><\/div>\n<div style=\"text-align: center;\"><\/div>\n<div style=\"text-align: center;\">PROYECTOS REALIZADOS PARA EL SANEAMIENTO Y CUIDADO DEL MEDIO AMBIENTE<\/div>\n<div style=\"text-align: center;\"><\/div>\n<div>\u00a0La alta expansi\u00f3n agricola en las zonas altas de la parroquia a generado la devastaci\u00f3n de bosques nativos de la parroquia, en concecuencia el GAD Parroquial a generado un programa de reforestacion de 132 hectareas de bosques nativos, en el 2017 se finalizo con este importante proyecto.<\/div>\n<div><\/div>\n<div>La falta de alcantarillado por red publica genera contaminacion ambiental, preocupados en el bienestar de los habitantes de la parroquia, se realiza la construcci\u00f3n del alcantarillado en el sector chorroloma.<\/div>\n<div><\/div>\n<div>En el archivo adjunto se encuentra las inverciones que se han realizado para el saniamiento y cuidado ambiental.<\/div>\n<div><a href=\"http:\/\/guel.gob.ec\/azuay\/wp-content\/uploads\/2017\/01\/OBRAS-DE-SANEAMIENTO-Y-CUIDADO-DEL-MEDIO-AMBIENTE.pptx\">OBRAS DE SANEAMIENTO Y CUIDADO DEL MEDIO AMBIENTE<\/a><\/div>\n<div style=\"text-align: center;\"><\/div>\n<div style=\"text-align: center;\">PROYECTOS REALIZADOS PARA EL MANTENIMIENTO VIAL<\/div>\n<div><\/div>\n<div>\u00a0En el archivo adjunto se encuentra las inverciones que se han realizado para el mantenimiento vial.<\/div>\n<div><a href=\"http:\/\/guel.gob.ec\/azuay\/wp-content\/uploads\/2017\/01\/OBRAS-DE-MANTENIMIENTO-VIAL.pptx\">OBRAS DE MANTENIMIENTO VIAL<\/a><\/div>\n","protected":false},"excerpt":{"rendered":"<p>Convocatoria y Acta de Conformacion del Equipo Mixto Resolucion de Conformacion del Equipo Registro de Entrega de Informacion Formulario de Preguntas de la Ciudadania Registro de Entrega de Invitaciones a la Deliberacion Publica &nbsp; Registro de Asistencia a la Deliberacion Publica PROYECTOS Y PROGRAMAS REALIZADOS PARA EL BIENESTAR DE LOS GRUPOS DE ATENCION PRIORITARIA. El [&hellip;]<\/p>\n","protected":false},"author":8,"featured_media":0,"parent":0,"menu_order":0,"comment_status":"closed","ping_status":"closed","template":"","meta":{"footnotes":""},"yst_prominent_words":[],"class_list":["post-496","page","type-page","status-publish","hentry"],"_links":{"self":[{"href":"https:\/\/guel.gob.ec\/azuay\/wp-json\/wp\/v2\/pages\/496","targetHints":{"allow":["GET"]}}],"collection":[{"href":"https:\/\/guel.gob.ec\/azuay\/wp-json\/wp\/v2\/pages"}],"about":[{"href":"https:\/\/guel.gob.ec\/azuay\/wp-json\/wp\/v2\/types\/page"}],"author":[{"embeddable":true,"href":"https:\/\/guel.gob.ec\/azuay\/wp-json\/wp\/v2\/users\/8"}],"replies":[{"embeddable":true,"href":"https:\/\/guel.gob.ec\/azuay\/wp-json\/wp\/v2\/comments?post=496"}],"version-history":[{"count":10,"href":"https:\/\/guel.gob.ec\/azuay\/wp-json\/wp\/v2\/pages\/496\/revisions"}],"predecessor-version":[{"id":783,"href":"https:\/\/guel.gob.ec\/azuay\/wp-json\/wp\/v2\/pages\/496\/revisions\/783"}],"wp:attachment":[{"href":"https:\/\/guel.gob.ec\/azuay\/wp-json\/wp\/v2\/media?parent=496"}],"wp:term":[{"taxonomy":"yst_prominent_words","embeddable":true,"href":"https:\/\/guel.gob.ec\/azuay\/wp-json\/wp\/v2\/yst_prominent_words?post=496"}],"curies":[{"name":"wp","href":"https:\/\/api.w.org\/{rel}","templated":true}]}}