{"id":56,"date":"2015-03-17T14:00:34","date_gmt":"2015-03-17T18:00:34","guid":{"rendered":"http:\/\/guel.gob.ec\/azuay\/?page_id=56"},"modified":"2015-07-21T16:19:44","modified_gmt":"2015-07-21T20:19:44","slug":"documentos-2014-2015","status":"publish","type":"page","link":"https:\/\/guel.gob.ec\/azuay\/documentos-2014-2015\/","title":{"rendered":"Documentos 2014 &#8211; 2015"},"content":{"rendered":"<p style=\"text-align: justify;\"><strong>Art. 7.- Difusi\u00f3n de la Informaci\u00f3n P\u00fablica.-<\/strong><\/p>\n<p style=\"text-align: justify;\">Por la transparencia en la gesti\u00f3n administrativa que est\u00e1n obligadas a observar todas las instituciones del Estado que conforman el sector p\u00fablico en los t\u00e9rminos del art\u00edculo 118 de la Constituci\u00f3n Pol\u00edtica de la Rep\u00fablica y dem\u00e1s entes se\u00f1alados en el art\u00edculo 1 de la presente Ley, difundir\u00e1n a trav\u00e9s de un portal de informaci\u00f3n o p\u00e1gina web, as\u00ed como de los medios necesarios a disposici\u00f3n del p\u00fablico, implementados en la misma instituci\u00f3n, la siguiente informaci\u00f3n m\u00ednima actualizada, que para efectos de esta Ley se la considera de naturaleza obligatoria:<\/p>\n<p style=\"text-align: justify;\"><strong>FORMATOS LOTAIP<\/strong><\/p>\n<p style=\"text-align: justify;\"><strong>a) Organizaci\u00f3n Interna<\/strong><br \/>\nEstructura Org\u00e1nica Funcional.<\/p>\n<p style=\"text-align: justify;\"><a href=\"http:\/\/guel.gob.ec\/azuay\/wp-content\/uploads\/2014\/10\/ORGANICO-FUNCIONAL-GAD-GUEL.pdf\">ORGANICO FUNCIONAL GAD GUEL<\/a><\/p>\n<p style=\"text-align: justify;\">Base legal que la rige, regulaciones y procedimientos internos aplicables a la entidad.<br \/>\nMetas y Objetivos.<\/p>\n<p style=\"text-align: justify;\">C<a href=\"http:\/\/guel.gob.ec\/azuay\/wp-content\/uploads\/2014\/10\/constitucion.pdf\">onstituci\u00f3n<\/a><\/p>\n<p style=\"text-align: justify;\"><a href=\"http:\/\/guel.gob.ec\/azuay\/wp-content\/uploads\/2014\/10\/COOTAD.pdf\">COOTAD<\/a><\/p>\n<p style=\"text-align: justify;\"><strong>b) Directorio<\/strong><br \/>\nDirectorio completo de la instituci\u00f3n; as\u00ed como su distributivo de personal.<\/p>\n<p style=\"text-align: justify;\"><a href=\"http:\/\/guel.gob.ec\/azuay\/wp-content\/uploads\/2014\/10\/DIRECTORIO-DEL-GAD-PARROQUIAL-G\u00dcEL.pdf\">DIRECTORIO DEL GAD PARROQUIAL G\u00dcEL<\/a><\/p>\n<p style=\"text-align: justify;\"><strong>c) Remuneraciones<\/strong><\/p>\n<p style=\"text-align: justify;\"><a href=\"http:\/\/guel.gob.ec\/azuay\/wp-content\/uploads\/2014\/10\/DISTRIBUTIVO-2014.pdf\">DISTRIBUTIVO 2014<\/a><\/p>\n<p style=\"text-align: justify;\"><strong>d) Servicios y Horario de\u00a0<\/strong><b>Atenci\u00f3n<\/b><br \/>\nEl GAD Parroquial de G\u00fcel esta al servio de toda la colectividad, \u00a0en horarios de 8ham hasta las 13h00 y de 14h00 a 17h00 de lunes a viernes.<\/p>\n<p style=\"text-align: justify;\">VIS\u00cdTENOS SERA UN \u00a0GUSTO ATENDERLE<\/p>\n<p style=\"text-align: justify;\"><strong>e) Contratos Colectivos<\/strong><\/p>\n<p style=\"text-align: justify;\">Contrato Grupos de Atenci\u00f3n Prioritaria<\/p>\n<p style=\"text-align: justify;\"><a href=\"http:\/\/guel.gob.ec\/azuay\/wp-content\/uploads\/2014\/10\/CONTRATO-SONIA.pdf\">CONTRATO\u00a0<\/a><\/p>\n<p style=\"text-align: justify;\"><strong>f) Formularios para Tr\u00e1mites<\/strong><br \/>\nSe publicar\u00e1n los formularios o formatos de solicitudes que se requieran para los tr\u00e1mites inherentes a su campo de acci\u00f3n. no aplica<\/p>\n<p style=\"text-align: justify;\"><strong>g) Presupuesto Anual<\/strong><\/p>\n<p style=\"text-align: justify;\">C\u00c9DULA PRESUPUESTARIA DE INGRESOS 2014<\/p>\n<p style=\"text-align: justify;\"><a href=\"http:\/\/guel.gob.ec\/azuay\/wp-content\/uploads\/2014\/10\/cedulaingresos2014.pdf\">cedulaingresos2014<\/a><\/p>\n<p style=\"text-align: justify;\">C\u00c9DULA PRESUPUESTARIA DE GASTOS 2014<\/p>\n<p style=\"text-align: justify;\"><a href=\"http:\/\/guel.gob.ec\/azuay\/wp-content\/uploads\/2014\/10\/cedulagastos2014.pdf\">cedulagastos2014<\/a><\/p>\n<p style=\"text-align: justify;\"><a href=\"http:\/\/guel.gob.ec\/azuay\/wp-content\/uploads\/2015\/03\/estadoresultados2011.pdf\">estadoresultados201<\/a>4<\/p>\n<p style=\"text-align: justify;\"><a href=\"http:\/\/guel.gob.ec\/azuay\/wp-content\/uploads\/2015\/03\/ejecucionpresupuestaria2011.pdf\">ejecucionpresupuestaria201<\/a>4<\/p>\n<p style=\"text-align: justify;\"><a href=\"http:\/\/guel.gob.ec\/azuay\/wp-content\/uploads\/2015\/03\/flujoefectivo2011.pdf\">flujoefectivo201<\/a>4<\/p>\n<p style=\"text-align: justify;\"><a href=\"http:\/\/guel.gob.ec\/azuay\/wp-content\/uploads\/2015\/03\/situacionfinanciera2011.pdf\">situacionfinanciera201<\/a>4<\/p>\n<p style=\"text-align: justify;\"><a href=\"http:\/\/guel.gob.ec\/azuay\/wp-content\/uploads\/2015\/03\/balancecomprobacion82011.pdf\">balancecomprobacion8201<\/a>4<\/p>\n<p style=\"text-align: justify;\"><strong>h) Auditorias Internas<\/strong><br \/>\nLos resultados de las auditorias internas y gubernamentales al ejercicio presupuesta. \u00a0 \u00a0NO APLICA<\/p>\n<p style=\"text-align: justify;\"><strong>i) Procesos de Contrataci\u00f3n<\/strong><\/p>\n<p style=\"text-align: justify;\">Ingresar al sistema del portal de Compras P\u00fablicas www.compraspublicas.gob.ec<\/p>\n<p>b. Ingresar al link b\u00fasqueda de procesos<\/p>\n<p>c. Buscar por nombre de la entidad, estado del proceso, tipo de proceso, fecha de publicaci\u00f3n, palabras claves.<\/p>\n<p>d.\u00a0www.compraspublicas.gob.ec\/ProcesoContratacion\/compras\/PC\/buscarProceso.<\/p>\n<p style=\"text-align: justify;\"><strong>j) Incumplimientos<\/strong><br \/>\nNo existe contratos incumplidos<\/p>\n<p style=\"text-align: justify;\"><strong>k) Planes y Programas<\/strong><br \/>\nPLAN DE DESARROLLO Y ORDENAMIENTO TERRITORIAL DE G\u00dcEL<\/p>\n<p style=\"text-align: justify;\"><a href=\"http:\/\/guel.gob.ec\/azuay\/wp-content\/uploads\/2014\/10\/DOCUMENTO-FINAL.pdf\">DOCUMENTO FINAL<\/a><\/p>\n<p style=\"text-align: justify;\"><strong>l) Financiamiento Interno y Externo<\/strong><\/p>\n<p style=\"text-align: justify;\">Existe Cr\u00e9dito con el Banco del Estado para \u00a0el financiamiento \u00a0de la Construcci\u00f3n del Cementerio Primera Etapa.<\/p>\n<p style=\"text-align: justify;\"><a href=\"http:\/\/guel.gob.ec\/azuay\/wp-content\/uploads\/2015\/03\/TABLA-DE-AMORTIZACION.pdf\">TABLA DE AMORTIZACION<\/a><\/p>\n<p style=\"text-align: justify;\"><strong>m) Rendici\u00f3n de Cuentas<\/strong><br \/>\nMecanismos de rendici\u00f3n de cuentas a la ciudadan\u00eda, tales como metas e informes de gesti\u00f2n e indicadores de desempe\u00f1o.<\/p>\n<p style=\"text-align: justify;\"><strong>n) Gesti\u00f3n Institucional<\/strong><\/p>\n<p style=\"text-align: justify;\">Los vi\u00e1ticos, informes de trabajo y justificativos de movilizaci\u00f3n nacional o internacional \u00a0de las autoridades, dignatarios y funcionarios p\u00fablicos.<\/p>\n<p style=\"text-align: justify;\"><a href=\"http:\/\/guel.gob.ec\/azuay\/wp-content\/uploads\/2015\/03\/REGLAMENTO-VIATICOS.pdf\">REGLAMENTO VIATICOS<\/a><\/p>\n<p style=\"text-align: justify;\"><strong>o) Responsable de la Informaci\u00f3n<\/strong><br \/>\nEsthela Sarmiento Tello.<\/p>\n<p style=\"text-align: justify;\">GAD Parroquial G\u00fcel<\/p>\n<p style=\"text-align: justify;\">Direcci\u00f3n. Antonio Guzm\u00e1n y Nicolas Escandon Flores. tel\u00e9fono \u00a02296 319<\/p>\n<p style=\"text-align: justify;\"><strong>s) Organismos Seccionales<\/strong><br \/>\nLos organismos seccionales, informar\u00e1n oportunamente a la ciudadan\u00eca de las resoluciones que adoptaren, mediante la publicaci\u00f3n de las actas de las respectivas sesiones de estos cuerpos colegiados, as\u00ed como sus planes de desarrollo local<\/p>\n<p style=\"text-align: justify;\">R<a href=\"http:\/\/guel.gob.ec\/azuay\/wp-content\/uploads\/2015\/03\/reglamento-aprobado-Cementerio.pdf\">eglamento Aprobado Cementerio<\/a><\/p>\n<p style=\"text-align: justify;\">PRESUPUESTO Y ESTADOS FINANCIEROS 2015<\/p>\n<p style=\"text-align: justify;\"><a href=\"http:\/\/guel.gob.ec\/azuay\/wp-content\/uploads\/2015\/03\/asignacionpresupuestaria2015.pdf\">asignacionpresupuestaria2015<\/a><\/p>\n<p style=\"text-align: justify;\"><a href=\"http:\/\/guel.gob.ec\/azuay\/wp-content\/uploads\/2015\/03\/balancecomprobacion82015.pdf\">balancecomprobacion82015<\/a><\/p>\n<p style=\"text-align: justify;\"><a href=\"http:\/\/guel.gob.ec\/azuay\/wp-content\/uploads\/2015\/03\/cedulagastos2015.pdf\">cedulagastos2015<\/a><\/p>\n<p style=\"text-align: justify;\"><a href=\"http:\/\/guel.gob.ec\/azuay\/wp-content\/uploads\/2015\/03\/cedulaingresos2015.pdf\">cedulaingresos2015<\/a><\/p>\n<p style=\"text-align: justify;\"><a href=\"http:\/\/guel.gob.ec\/azuay\/wp-content\/uploads\/2015\/03\/ejecucionpresupuestaria2015.pdf\">ejecucionpresupuestaria2015<\/a><\/p>\n<p style=\"text-align: justify;\"><a href=\"http:\/\/guel.gob.ec\/azuay\/wp-content\/uploads\/2015\/03\/flujoefectivo2015.pdf\">flujoefectivo2015<\/a><\/p>\n<p style=\"text-align: justify;\"><a href=\"http:\/\/guel.gob.ec\/azuay\/wp-content\/uploads\/2015\/03\/situacionfinanciera2051.pdf\">situacionfinanciera20<\/a>15<\/p>\n<p style=\"text-align: justify;\"><a href=\"http:\/\/guel.gob.ec\/azuay\/wp-content\/uploads\/2015\/03\/estadoresultados2015.pdf\">estadoresultados2015<\/a><\/p>\n","protected":false},"excerpt":{"rendered":"<p>Art. 7.- Difusi\u00f3n de la Informaci\u00f3n P\u00fablica.- Por la transparencia en la gesti\u00f3n administrativa que est\u00e1n obligadas a observar todas las instituciones del Estado que conforman el sector p\u00fablico en los t\u00e9rminos del art\u00edculo 118 de la Constituci\u00f3n Pol\u00edtica de la Rep\u00fablica y dem\u00e1s entes se\u00f1alados en el art\u00edculo 1 de la presente Ley, difundir\u00e1n [&hellip;]<\/p>\n","protected":false},"author":8,"featured_media":0,"parent":0,"menu_order":0,"comment_status":"closed","ping_status":"closed","template":"","meta":{"footnotes":""},"yst_prominent_words":[],"class_list":["post-56","page","type-page","status-publish","hentry"],"_links":{"self":[{"href":"https:\/\/guel.gob.ec\/azuay\/wp-json\/wp\/v2\/pages\/56","targetHints":{"allow":["GET"]}}],"collection":[{"href":"https:\/\/guel.gob.ec\/azuay\/wp-json\/wp\/v2\/pages"}],"about":[{"href":"https:\/\/guel.gob.ec\/azuay\/wp-json\/wp\/v2\/types\/page"}],"author":[{"embeddable":true,"href":"https:\/\/guel.gob.ec\/azuay\/wp-json\/wp\/v2\/users\/8"}],"replies":[{"embeddable":true,"href":"https:\/\/guel.gob.ec\/azuay\/wp-json\/wp\/v2\/comments?post=56"}],"version-history":[{"count":23,"href":"https:\/\/guel.gob.ec\/azuay\/wp-json\/wp\/v2\/pages\/56\/revisions"}],"predecessor-version":[{"id":200,"href":"https:\/\/guel.gob.ec\/azuay\/wp-json\/wp\/v2\/pages\/56\/revisions\/200"}],"wp:attachment":[{"href":"https:\/\/guel.gob.ec\/azuay\/wp-json\/wp\/v2\/media?parent=56"}],"wp:term":[{"taxonomy":"yst_prominent_words","embeddable":true,"href":"https:\/\/guel.gob.ec\/azuay\/wp-json\/wp\/v2\/yst_prominent_words?post=56"}],"curies":[{"name":"wp","href":"https:\/\/api.w.org\/{rel}","templated":true}]}}