{"id":58,"date":"2014-10-24T10:01:28","date_gmt":"2014-10-24T14:01:28","guid":{"rendered":"http:\/\/guel.gob.ec\/azuay\/?page_id=58"},"modified":"2023-06-29T22:21:49","modified_gmt":"2023-06-30T02:21:49","slug":"proceso-de-contratacion","status":"publish","type":"page","link":"https:\/\/guel.gob.ec\/azuay\/proceso-de-contratacion\/","title":{"rendered":"ESTADOS FINANCIEROS 2022"},"content":{"rendered":"<p style=\"text-align: center;\"><a href=\"https:\/\/guel.gob.ec\/azuay\/wp-content\/uploads\/2023\/06\/1.-Balance-de-comprobacio\u0301n..pdf\">1. Balance de comprobacio\u0301n.<\/a><\/p>\n<p style=\"text-align: center;\"><a href=\"https:\/\/guel.gob.ec\/azuay\/wp-content\/uploads\/2023\/06\/2.-Estados-de-resultados..pdf\">2. Estados de resultados.<\/a><\/p>\n<p style=\"text-align: center;\"><a href=\"https:\/\/guel.gob.ec\/azuay\/wp-content\/uploads\/2023\/06\/3.-Estado-de-situacio\u0301n-financiera..pdf\">3. Estado de situacio\u0301n financiera.<\/a><\/p>\n<p style=\"text-align: center;\"><a href=\"https:\/\/guel.gob.ec\/azuay\/wp-content\/uploads\/2023\/06\/4.-Estado-de-flujo-del-efectivo..pdf\">4. Estado de flujo del efectivo.<\/a><\/p>\n<p style=\"text-align: center;\"><a href=\"https:\/\/guel.gob.ec\/azuay\/wp-content\/uploads\/2023\/06\/5.-Ce\u0301dula-presupuestaria-de-ingresos..pdf\">5. Ce\u0301dula presupuestaria de ingresos.<\/a><\/p>\n<p style=\"text-align: center;\"><a href=\"https:\/\/guel.gob.ec\/azuay\/wp-content\/uploads\/2023\/06\/6.-Ce\u0301dula-presupuestaria-de-gastos..pdf\">6. Ce\u0301dula presupuestaria de gastos.<\/a><\/p>\n<p style=\"text-align: center;\"><a href=\"https:\/\/guel.gob.ec\/azuay\/wp-content\/uploads\/2023\/06\/7.-Estado-de-ejecucio\u0301n-presupuestaria..pdf\">7. Estado de ejecucio\u0301n presupuestaria.<\/a><\/p>\n<p>&nbsp;<\/p>\n<p style=\"text-align: left;\">Direcci\u00f3n.Nicol\u00e1s Escand\u00f3n\u00a0y\u00a0Padre Antonio Guzm\u00e1n<\/p>\n<p style=\"text-align: left;\">Tel\u00e9fono: 2-296-319<\/p>\n<p style=\"text-align: left;\">E-mail: gobiernoparroquialguel@yahoo.com<\/p>\n<p style=\"text-align: left;\">TAMBI\u00c9N NOS PUEDES ENCONTRAR \u00a0EN FACEBOOK COMO: Gobierno Parroquial G\u00fcel<\/p>\n","protected":false},"excerpt":{"rendered":"<p>1. Balance de comprobacio\u0301n. 2. Estados de resultados. 3. Estado de situacio\u0301n financiera. 4. Estado de flujo del efectivo. 5. Ce\u0301dula presupuestaria de ingresos. 6. Ce\u0301dula presupuestaria de gastos. 7. Estado de ejecucio\u0301n presupuestaria. &nbsp; Direcci\u00f3n.Nicol\u00e1s Escand\u00f3n\u00a0y\u00a0Padre Antonio Guzm\u00e1n Tel\u00e9fono: 2-296-319 E-mail: gobiernoparroquialguel@yahoo.com TAMBI\u00c9N NOS PUEDES ENCONTRAR \u00a0EN FACEBOOK COMO: Gobierno Parroquial G\u00fcel<\/p>\n","protected":false},"author":8,"featured_media":0,"parent":0,"menu_order":0,"comment_status":"closed","ping_status":"closed","template":"","meta":{"footnotes":""},"yst_prominent_words":[],"class_list":["post-58","page","type-page","status-publish","hentry"],"_links":{"self":[{"href":"https:\/\/guel.gob.ec\/azuay\/wp-json\/wp\/v2\/pages\/58","targetHints":{"allow":["GET"]}}],"collection":[{"href":"https:\/\/guel.gob.ec\/azuay\/wp-json\/wp\/v2\/pages"}],"about":[{"href":"https:\/\/guel.gob.ec\/azuay\/wp-json\/wp\/v2\/types\/page"}],"author":[{"embeddable":true,"href":"https:\/\/guel.gob.ec\/azuay\/wp-json\/wp\/v2\/users\/8"}],"replies":[{"embeddable":true,"href":"https:\/\/guel.gob.ec\/azuay\/wp-json\/wp\/v2\/comments?post=58"}],"version-history":[{"count":16,"href":"https:\/\/guel.gob.ec\/azuay\/wp-json\/wp\/v2\/pages\/58\/revisions"}],"predecessor-version":[{"id":2056,"href":"https:\/\/guel.gob.ec\/azuay\/wp-json\/wp\/v2\/pages\/58\/revisions\/2056"}],"wp:attachment":[{"href":"https:\/\/guel.gob.ec\/azuay\/wp-json\/wp\/v2\/media?parent=58"}],"wp:term":[{"taxonomy":"yst_prominent_words","embeddable":true,"href":"https:\/\/guel.gob.ec\/azuay\/wp-json\/wp\/v2\/yst_prominent_words?post=58"}],"curies":[{"name":"wp","href":"https:\/\/api.w.org\/{rel}","templated":true}]}}