{"id":850,"date":"2020-01-19T16:13:15","date_gmt":"2020-01-19T20:13:15","guid":{"rendered":"http:\/\/guel.gob.ec\/azuay\/?page_id=850"},"modified":"2021-07-30T23:28:34","modified_gmt":"2021-07-31T03:28:34","slug":"rendicion-de-cuentas-2020","status":"publish","type":"page","link":"https:\/\/guel.gob.ec\/azuay\/rendicion-de-cuentas-2020\/","title":{"rendered":"Rendici\u00f3n de Cuentas 2020"},"content":{"rendered":"<h3 style=\"text-align: center;\"><em>PROCESO DE RENDICI\u00d3N DE CUENTAS 2020.<\/em><\/h3>\n<p>FASE 1: Planificaci\u00f3n y facilitaci\u00f3n del proceso desde la asamblea ciudadana.<\/p>\n<p>1.- Mediante convocatoria por parte del presidente del GAD Parroquial G\u00fcel, se realiza la reuni\u00f3n con el consejo de planificaci\u00f3n y asamblea ciudadana, en la misma se realiza la designaci\u00f3n del equipo mixto, quedando de la siguiente manera:<\/p>\n<p>Sr. Julio Tello Ortega, representante de la ciudadan\u00eda<\/p>\n<p>Sr. Jorge Ortega Sarmiento, representante del consejo de planificaci\u00f3n,<\/p>\n<p>Sra. Daniela Castro, representante del GAD G\u00fcel, y<\/p>\n<p>Sr. Javier Cabrera, presidente del GAD Parroquial.<\/p>\n<p>En esta reuni\u00f3n tambi\u00e9n se realiza la revisi\u00f3n de la informaci\u00f3n que proporciona el GAD Parroquial a la ciudadan\u00eda y a la vez se realiza la entrega de esta informaci\u00f3n.<\/p>\n<p>Adjunto los medios de verificaci\u00f3n. \u2013<\/p>\n<p><a href=\"https:\/\/guel.gob.ec\/azuay\/wp-content\/uploads\/2021\/07\/INFORMACION-A-LA-CIUDADANIA-001-convertido.pdf\">ENTREGA DE INFORMACION A LA CIUDADANIA \u00a0 <\/a><a href=\"https:\/\/guel.gob.ec\/azuay\/wp-content\/uploads\/2021\/07\/REGISTRO-FIRMAS-ENTREGA-DE-INFORMACION.-convertido.pdf\">REGISTRO FIRMAS ENTREGA DE INFORMACI\u00d3N.\u00a0<\/a><\/p>\n<p>FASE 2: Evaluaci\u00f3n de la gesti\u00f3n y redacci\u00f3n del informe de la instituci\u00f3n.<\/p>\n<p>Para cumplimiento de esta fase de la rendici\u00f3n de cuentas se realiza la recolecci\u00f3n de las diferentes preguntas y temas que la ciudadan\u00eda solicita que se rinda cuentas, con estos antecedentes se procede a realizar las diapositiva en las que constan todos los programas y proyectos que realiza el GAD Parroquial Rural de G\u00fcel durante su gesti\u00f3n en el a\u00f1o 2020, este proceso estuvo liderado por el GAD G\u00fcel y consejo de planificaci\u00f3n de la parroquia.<\/p>\n<p>A su vez se presenta al Presidente del GAD Parroquial de G\u00fcel, el informe de rendici\u00f3n de cuentas y formulario del GAD Parroquial, los mismos que son aprobados.<\/p>\n<p>FASE 3. \u2013 Evaluaci\u00f3n ciudadana del informe institucional.<\/p>\n<p>En esta fase se inicia con la publicaci\u00f3n del informe preliminar de rendici\u00f3n de cuentas a trav\u00e9s de la plataforma de Facebook y pagina web del GAD Parroquial a su vez se realiza la invitaci\u00f3n a la deliberaci\u00f3n publica y evaluaci\u00f3n ciudadana, a los presidentes de los sectores e instituciones de forma presencial respetando los protocolos de bio-seguridad.<\/p>\n<p>Orden del d\u00eda \/ programa de \u201cDeliberaci\u00f3n Publica y Evaluaci\u00f3n Ciudadana de la Rendici\u00f3n de Cuentas del A\u00f1o 2020\u201d.<\/p>\n<p>D\u00eda Viernes, 25 de junio de 2021.<\/p>\n<p>Hora 18h00.<\/p>\n<p>Registro de invitados.<\/p>\n<p><strong>ORDEN DEL PROGRAMA.<\/strong><\/p>\n<p>&#8211; Bienvenida a todos los presentes a cargo de la Sra. Daniela Castro<\/p>\n<p>&#8211; Himno Nacional del Ecuador<\/p>\n<p>&#8211; Presentaci\u00f3n del Informe Rendici\u00f3n de Cuentas 2019 a cargo del Sr. Javier Cabrera presidente del GAD de G\u00fcel.<\/p>\n<p>&#8211; Preguntas y respuestas en base al informe de rendici\u00f3n de cuentas 2019<\/p>\n<p>&#8211; Mesas de trabajo por comisiones.<\/p>\n<p>&#8211; Palabras de despedida.<\/p>\n<p>Adjunto medios de verificaci\u00f3n.<\/p>\n<p>&nbsp;<\/p>\n<p><a href=\"https:\/\/guel.gob.ec\/azuay\/wp-content\/uploads\/2021\/07\/CEDULA-DE-GASTOS-2020..pdf\">C\u00c9DULA DE GASTOS 2020.<\/a><\/p>\n<p><a href=\"https:\/\/guel.gob.ec\/azuay\/wp-content\/uploads\/2021\/07\/DIAPOSITIVAS-RENDICION-DE-CUENTAS-2020.-1.pptx\">DIAPOSITIVAS RENDICI\u00d3N DE CUENTAS 2020. (1)<\/a><\/p>\n<p><a href=\"https:\/\/guel.gob.ec\/azuay\/wp-content\/uploads\/2021\/07\/REGISTRO-DE-FIRMAS-DELIBERACION-PUBLICA.-convertido.pdf\">REGISTRO DE FIRMAS- DELIBERACI\u00d3N P\u00daBLICA.<\/a><\/p>\n<p><strong>INVITACI\u00d3N A DELIBERACI\u00d3N P\u00daBLICA Y EVALUACI\u00d3N CIUDADANA.<\/strong><\/p>\n<p><img loading=\"lazy\" decoding=\"async\" class=\"alignnone size-medium wp-image-1337\" src=\"https:\/\/guel.gob.ec\/azuay\/wp-content\/uploads\/2021\/07\/INVITACION-RENDICION-DE-CUENTAS-2020.-550x550.jpg\" alt=\"\" width=\"550\" height=\"550\" srcset=\"https:\/\/guel.gob.ec\/azuay\/wp-content\/uploads\/2021\/07\/INVITACION-RENDICION-DE-CUENTAS-2020.-550x550.jpg 550w, https:\/\/guel.gob.ec\/azuay\/wp-content\/uploads\/2021\/07\/INVITACION-RENDICION-DE-CUENTAS-2020.-1024x1024.jpg 1024w, https:\/\/guel.gob.ec\/azuay\/wp-content\/uploads\/2021\/07\/INVITACION-RENDICION-DE-CUENTAS-2020.-150x150.jpg 150w, https:\/\/guel.gob.ec\/azuay\/wp-content\/uploads\/2021\/07\/INVITACION-RENDICION-DE-CUENTAS-2020.-768x768.jpg 768w, https:\/\/guel.gob.ec\/azuay\/wp-content\/uploads\/2021\/07\/INVITACION-RENDICION-DE-CUENTAS-2020..jpg 1080w\" sizes=\"auto, (max-width: 550px) 100vw, 550px\" \/><\/p>\n<p><strong>ASISTENCIA DE LOS REPRESENTANTES DE LOS SECTORES, INSTITUCIONES U ORGANIZACIONES DE LA PARROQUIA.<\/strong><\/p>\n<p><img loading=\"lazy\" decoding=\"async\" class=\"alignnone size-medium wp-image-1339\" src=\"https:\/\/guel.gob.ec\/azuay\/wp-content\/uploads\/2021\/07\/FOTO-RENDICION-DE-CUENTAS.-379x800.jpg\" alt=\"\" width=\"379\" height=\"800\" srcset=\"https:\/\/guel.gob.ec\/azuay\/wp-content\/uploads\/2021\/07\/FOTO-RENDICION-DE-CUENTAS.-379x800.jpg 379w, https:\/\/guel.gob.ec\/azuay\/wp-content\/uploads\/2021\/07\/FOTO-RENDICION-DE-CUENTAS.-485x1024.jpg 485w, https:\/\/guel.gob.ec\/azuay\/wp-content\/uploads\/2021\/07\/FOTO-RENDICION-DE-CUENTAS..jpg 640w\" sizes=\"auto, (max-width: 379px) 100vw, 379px\" \/><\/p>\n","protected":false},"excerpt":{"rendered":"<p>PROCESO DE RENDICI\u00d3N DE CUENTAS 2020. FASE 1: Planificaci\u00f3n y facilitaci\u00f3n del proceso desde la asamblea ciudadana. 1.- Mediante convocatoria por parte del presidente del GAD Parroquial G\u00fcel, se realiza la reuni\u00f3n con el consejo de planificaci\u00f3n y asamblea ciudadana, en la misma se realiza la designaci\u00f3n del equipo mixto, quedando de la siguiente manera: [&hellip;]<\/p>\n","protected":false},"author":8,"featured_media":0,"parent":0,"menu_order":0,"comment_status":"closed","ping_status":"closed","template":"","meta":{"footnotes":""},"yst_prominent_words":[89,66,82,90,87,94,68,64,95,88,93,86,99,65,63,96,91,80,92],"class_list":["post-850","page","type-page","status-publish","hentry"],"_links":{"self":[{"href":"https:\/\/guel.gob.ec\/azuay\/wp-json\/wp\/v2\/pages\/850","targetHints":{"allow":["GET"]}}],"collection":[{"href":"https:\/\/guel.gob.ec\/azuay\/wp-json\/wp\/v2\/pages"}],"about":[{"href":"https:\/\/guel.gob.ec\/azuay\/wp-json\/wp\/v2\/types\/page"}],"author":[{"embeddable":true,"href":"https:\/\/guel.gob.ec\/azuay\/wp-json\/wp\/v2\/users\/8"}],"replies":[{"embeddable":true,"href":"https:\/\/guel.gob.ec\/azuay\/wp-json\/wp\/v2\/comments?post=850"}],"version-history":[{"count":11,"href":"https:\/\/guel.gob.ec\/azuay\/wp-json\/wp\/v2\/pages\/850\/revisions"}],"predecessor-version":[{"id":1371,"href":"https:\/\/guel.gob.ec\/azuay\/wp-json\/wp\/v2\/pages\/850\/revisions\/1371"}],"wp:attachment":[{"href":"https:\/\/guel.gob.ec\/azuay\/wp-json\/wp\/v2\/media?parent=850"}],"wp:term":[{"taxonomy":"yst_prominent_words","embeddable":true,"href":"https:\/\/guel.gob.ec\/azuay\/wp-json\/wp\/v2\/yst_prominent_words?post=850"}],"curies":[{"name":"wp","href":"https:\/\/api.w.org\/{rel}","templated":true}]}}