{"id":860,"date":"2020-05-24T21:38:19","date_gmt":"2020-05-25T01:38:19","guid":{"rendered":"http:\/\/guel.gob.ec\/azuay\/?page_id=860"},"modified":"2024-10-08T13:11:57","modified_gmt":"2024-10-08T17:11:57","slug":"pagina-oficial-del-gad-de-guel","status":"publish","type":"page","link":"https:\/\/guel.gob.ec\/azuay\/","title":{"rendered":"P\u00e1gina Oficial del GAD Parroquial Rural de G\u00fcel"},"content":{"rendered":"[vc_row bg_type=\u00bbbg_color\u00bb bg_color_value=\u00bb#f7f7f7&#8243; css=\u00bb.vc_custom_1581547090144{padding-top: 0px !important;padding-bottom: 0px !important;}\u00bb][vc_column css=\u00bb.vc_custom_1529671385255{background-position: center !important;background-repeat: no-repeat !important;background-size: cover !important;}\u00bb][vc_row_inner][vc_column_inner width=\u00bb1\/2&#8243;][vc_column_text]<img loading=\"lazy\" decoding=\"async\" class=\"alignnone size-full wp-image-2105 aligncenter\" src=\"https:\/\/guel.gob.ec\/azuay\/wp-content\/uploads\/2023\/07\/WhatsApp-Image-2023-07-27-at-11.57.31-1.jpeg\" alt=\"\" width=\"445\" height=\"287\" \/>[\/vc_column_text][\/vc_column_inner][vc_column_inner width=\u00bb1\/2&#8243;][vc_column_text]\n<p>&nbsp;<\/p>\n<p>&nbsp;<\/p>\n<p>&nbsp;<\/p>\n<p>La Defensor\u00eda del Pueblo, con la finalidad de reconocer a las entidades que se encuentran obligadas a transparentar y garantizar el acceso a la informaci\u00f3n p\u00fablica, nos dio a conocer que el GAD permite contar con la Insignia anual de registro de catastro 2022, que deber\u00e1 ser incorporada en la p\u00e1gina web y las redes sociales. Insignia con la cual se valida que el GAD Parroquial de G\u00fcel se encuentra registrado en la base de datos del catastro defensorial constante en el aplicativo web \u00abMLOTAIP-Entidades\u00bb[\/vc_column_text][\/vc_column_inner][\/vc_row_inner][vc_row_inner][vc_column_inner]<div id=\"ultimate-heading-390269e232bf9923f\" class=\"uvc-heading ult-adjust-bottom-margin ultimate-heading-390269e232bf9923f uvc-4383 accent-border-color\" data-hspacer=\"line_only\"  data-halign=\"center\" style=\"text-align:center\"><div class=\"uvc-main-heading ult-responsive\"  data-ultimate-target='.uvc-heading.ultimate-heading-390269e232bf9923f h2'  data-responsive-json-new='{\"font-size\":\"desktop:26px;\",\"line-height\":\"desktop:36px;\"}' ><h2 style=\"font-weight:normal;margin-bottom:15px;\">EN LINEA<\/h2><\/div><div class=\"uvc-heading-spacer line_only\" style=\"margin-bottom:60px;height:4px;\"><span class=\"uvc-headings-line\" style=\"border-style:solid;border-bottom-width:4px;border-color:#dd3333;width:100px;\"><\/span><\/div><\/div>[\/vc_column_inner][\/vc_row_inner][vc_row_inner][vc_column_inner width=\u00bb1\/3&#8243;]<div class=\"ult-just-icon-wrapper  \"><div class=\"align-icon\" style=\"text-align:center;\">\n<div class=\"aio-icon none \" data-animation=\"swing\" data-animation-delay=\"03\" style=\"color:#ea841e;font-size:80px;display:inline-block;\">\n\t<i class=\"Defaults-bar-chart bar-chart-o\"><\/i>\n<\/div><\/div><\/div><div id=\"ultimate-heading-183769e232bf99353\" class=\"uvc-heading ult-adjust-bottom-margin ultimate-heading-183769e232bf99353 uvc-6184 \" data-hspacer=\"no_spacer\"  data-halign=\"center\" style=\"text-align:center\"><div class=\"uvc-heading-spacer no_spacer\" style=\"top\"><\/div><div class=\"uvc-main-heading ult-responsive\"  data-ultimate-target='.uvc-heading.ultimate-heading-183769e232bf99353 h2'  data-responsive-json-new='{\"font-size\":\"desktop:26px;\",\"line-height\":\"desktop:36px;\"}' ><h2 style=\"font-weight:normal;margin-bottom:5px;\">Rendici\u00f3n de Cuentas<\/h2><\/div><div class=\"uvc-sub-heading ult-responsive\"  data-ultimate-target='.uvc-heading.ultimate-heading-183769e232bf99353 .uvc-sub-heading '  data-responsive-json-new='{\"font-size\":\"\",\"line-height\":\"desktop:28px;\"}'  style=\"font-weight:normal;margin-bottom:20px;\">Informe anual sobre los trabajos y gesti\u00f3n realizada.<\/div><\/div><div class=\" ubtn-ctn-center \"><button type=\"button\" id=\"ubtn-2202\"  class=\"ubtn ult-adjust-bottom-margin ult-responsive ubtn-normal ubtn-fade-bg  ulta-float  ubtn-center   tooltip-69e232bf99373\"  data-hover=\"\" data-border-color=\"\" data-bg=\"#e0e0e0\" data-hover-bg=\"\" data-border-hover=\"\" data-shadow-hover=\"\" data-shadow-click=\"none\" data-shadow=\"\" data-shd-shadow=\"\"  data-ultimate-target='#ubtn-2202'  data-responsive-json-new='{\"font-size\":\"\",\"line-height\":\"\"}'  style=\"font-weight:normal;border:none;background: #e0e0e0;color: #000000;\"><span class=\"ubtn-hover\" style=\"background-color:\"><\/span><span class=\"ubtn-data ubtn-text \" >Descargar<\/span><\/button><\/div>[\/vc_column_inner][vc_column_inner width=\u00bb1\/3&#8243;]<div class=\"ult-just-icon-wrapper  \"><div class=\"align-icon\" style=\"text-align:center;\">\n<div class=\"aio-icon none \" data-animation=\"swing\" data-animation-delay=\"03\" style=\"color:#ea841e;font-size:80px;display:inline-block;\">\n\t<i class=\"Defaults-book\"><\/i>\n<\/div><\/div><\/div><div id=\"ultimate-heading-158769e232bf993ac\" class=\"uvc-heading ult-adjust-bottom-margin ultimate-heading-158769e232bf993ac uvc-7418 \" data-hspacer=\"no_spacer\"  data-halign=\"center\" style=\"text-align:center\"><div class=\"uvc-heading-spacer no_spacer\" style=\"top\"><\/div><div class=\"uvc-main-heading ult-responsive\"  data-ultimate-target='.uvc-heading.ultimate-heading-158769e232bf993ac h2'  data-responsive-json-new='{\"font-size\":\"desktop:26px;\",\"line-height\":\"desktop:36px;\"}' ><h2 style=\"font-weight:normal;margin-bottom:5px;\">PDOT<\/h2><\/div><div class=\"uvc-sub-heading ult-responsive\"  data-ultimate-target='.uvc-heading.ultimate-heading-158769e232bf993ac .uvc-sub-heading '  data-responsive-json-new='{\"font-size\":\"\",\"line-height\":\"desktop:28px;\"}'  style=\"font-weight:normal;margin-bottom:20px;\">Descargar el documento del Plan de ordenamiento Territorial.<\/p>\n<p><a href=\"https:\/\/guel.gob.ec\/azuay\/wp-content\/uploads\/2024\/10\/PDOT_Guel_2023-2027_Final08-10-2024.pdf\">PDOT_G\u00fcel_2023-2027_Final08-10-2024<\/a><\/p>\n<\/div><\/div><div class=\" ubtn-ctn-center \"><button type=\"button\" id=\"ubtn-3067\"  class=\"ubtn ult-adjust-bottom-margin ult-responsive ubtn-normal ubtn-fade-bg  ulta-float  ubtn-center   tooltip-69e232bf993c5\"  data-hover=\"\" data-border-color=\"\" data-bg=\"#e0e0e0\" data-hover-bg=\"\" data-border-hover=\"\" data-shadow-hover=\"\" data-shadow-click=\"none\" data-shadow=\"\" data-shd-shadow=\"\"  data-ultimate-target='#ubtn-3067'  data-responsive-json-new='{\"font-size\":\"\",\"line-height\":\"\"}'  style=\"font-weight:normal;border:none;background: #e0e0e0;color: #000000;\"><span class=\"ubtn-hover\" style=\"background-color:\"><\/span><span class=\"ubtn-data ubtn-text \" >Descargar<\/span><\/button><\/div>[\/vc_column_inner][vc_column_inner width=\u00bb1\/3&#8243;]<div class=\"ult-just-icon-wrapper  \"><div class=\"align-icon\" style=\"text-align:center;\">\n<div class=\"aio-icon none \" data-animation=\"swing\" data-animation-delay=\"03\" style=\"color:#ea841e;font-size:80px;display:inline-block;\">\n\t<i class=\"Defaults-camera-retro\"><\/i>\n<\/div><\/div><\/div><div id=\"ultimate-heading-169069e232bf993f1\" class=\"uvc-heading ult-adjust-bottom-margin ultimate-heading-169069e232bf993f1 uvc-8444 \" data-hspacer=\"no_spacer\"  data-halign=\"center\" style=\"text-align:center\"><div class=\"uvc-heading-spacer no_spacer\" style=\"top\"><\/div><div class=\"uvc-main-heading ult-responsive\"  data-ultimate-target='.uvc-heading.ultimate-heading-169069e232bf993f1 h2'  data-responsive-json-new='{\"font-size\":\"desktop:26px;\",\"line-height\":\"desktop:36px;\"}' ><h2 style=\"font-weight:normal;margin-bottom:5px;\">Turismo<\/h2><\/div><div class=\"uvc-sub-heading ult-responsive\"  data-ultimate-target='.uvc-heading.ultimate-heading-169069e232bf993f1 .uvc-sub-heading '  data-responsive-json-new='{\"font-size\":\"\",\"line-height\":\"desktop:28px;\"}'  style=\"font-weight:normal;margin-bottom:20px;\">Conoce sobre los atractivos tur\u00edsticos de nuestra parroquia.<\/div><\/div><div class=\" ubtn-ctn-center \"><button type=\"button\" id=\"ubtn-1065\"  class=\"ubtn ult-adjust-bottom-margin ult-responsive ubtn-normal ubtn-fade-bg  ulta-float  ubtn-center   tooltip-69e232bf99408\"  data-hover=\"\" data-border-color=\"\" data-bg=\"#e0e0e0\" data-hover-bg=\"\" data-border-hover=\"\" data-shadow-hover=\"\" data-shadow-click=\"none\" data-shadow=\"\" data-shd-shadow=\"\"  data-ultimate-target='#ubtn-1065'  data-responsive-json-new='{\"font-size\":\"\",\"line-height\":\"\"}'  style=\"font-weight:normal;border:none;background: #e0e0e0;color: #000000;\"><span class=\"ubtn-hover\" style=\"background-color:\"><\/span><span class=\"ubtn-data ubtn-text \" >Ir a Turismo<\/span><\/button><\/div>[\/vc_column_inner][\/vc_row_inner][vc_column_inner][\/vc_column_inner][\/vc_column][\/vc_row][vc_row bg_type=\u00bbimage\u00bb parallax_style=\u00bbvcpb-vz-jquery\u00bb bg_image_new=\u00bbid^878|url^https:\/\/guel.gob.ec\/azuay\/wp-content\/uploads\/2020\/05\/69576134_694993814243885_6932971213186662400_n.jpg|caption^null|alt^null|title^69576134_694993814243885_6932971213186662400_n|description^null\u00bb bg_image_repeat=\u00bbno-repeat\u00bb enable_overlay=\u00bbenable_overlay_value\u00bb overlay_color=\u00bbrgba(0,0,0,0.16)\u00bb css=\u00bb.vc_custom_1595953616729{padding-top: 80px !important;padding-bottom: 80px !important;}\u00bb][vc_column]<div id=\"ultimate-heading-190669e232bf99424\" class=\"uvc-heading ult-adjust-bottom-margin ultimate-heading-190669e232bf99424 uvc-1593 accent-border-color\" data-hspacer=\"line_only\"  data-halign=\"center\" style=\"text-align:center\"><div class=\"uvc-main-heading ult-responsive\"  data-ultimate-target='.uvc-heading.ultimate-heading-190669e232bf99424 h2'  data-responsive-json-new='{\"font-size\":\"desktop:40px;\",\"line-height\":\"desktop:50px;\"}' ><h2 style=\"font-weight:normal;color:#ffffff;margin-bottom:15px;\">Turismo en Guel<\/h2><\/div><div class=\"uvc-heading-spacer line_only\" style=\"margin-bottom:60px;height:4px;\"><span class=\"uvc-headings-line\" style=\"border-style:solid;border-bottom-width:4px;border-color:#dd3333;width:100px;\"><\/span><\/div><\/div><div class=\" ubtn-ctn-center \"><a class=\"ubtn-link ult-adjust-bottom-margin ubtn-center ubtn-normal \" href=\"http:\/\/\" ><button type=\"button\" id=\"ubtn-2615\"  class=\"ubtn ult-adjust-bottom-margin ult-responsive ubtn-normal ubtn-fade-bg  ulta-pulse-grow  ubtn-center   tooltip-69e232bf99445\"  data-hover=\"\" data-border-color=\"#dd9933\" data-bg=\"#e0e0e0\" data-hover-bg=\"\" data-border-hover=\"\" data-shadow-hover=\"\" data-shadow-click=\"none\" data-shadow=\"\" data-shd-shadow=\"\"  data-ultimate-target='#ubtn-2615'  data-responsive-json-new='{\"font-size\":\"\",\"line-height\":\"\"}'  style=\"font-weight:normal;border-radius:3px;border-width:1px;border-color:#dd9933;border-style:solid;background: #e0e0e0;color: #000000;\"><span class=\"ubtn-hover\" style=\"background-color:\"><\/span><span class=\"ubtn-data ubtn-text \" >Ir a Turismo<\/span><\/button><\/a><\/div>[\/vc_column][\/vc_row][vc_row][vc_column]<div id=\"ultimate-heading-239369e232bf9946c\" class=\"uvc-heading ult-adjust-bottom-margin ultimate-heading-239369e232bf9946c uvc-5322 accent-border-color\" data-hspacer=\"line_only\"  data-halign=\"center\" style=\"text-align:center\"><div class=\"uvc-main-heading ult-responsive\"  data-ultimate-target='.uvc-heading.ultimate-heading-239369e232bf9946c h2'  data-responsive-json-new='{\"font-size\":\"desktop:26px;\",\"line-height\":\"desktop:36px;\"}' ><h2 style=\"font-weight:normal;margin-bottom:15px;\">Mensaje de Presidencia<\/h2><\/div><div class=\"uvc-heading-spacer line_only\" style=\"margin-bottom:60px;height:4px;\"><span class=\"uvc-headings-line\" style=\"border-style:solid;border-bottom-width:4px;border-color:#dd3333;width:100px;\"><\/span><\/div><\/div>[vc_row_inner][vc_column_inner width=\u00bb1\/2&#8243;][vc_single_image image=\u00bb2093&#8243; img_size=\u00bb300&#215;360&#8243; alignment=\u00bbcenter\u00bb css_animation=\u00bbfadeInLeft\u00bb]<div id=\"ultimate-heading-301769e232bf9947f\" class=\"uvc-heading ult-adjust-bottom-margin ultimate-heading-301769e232bf9947f uvc-3676 \" data-hspacer=\"no_spacer\"  data-halign=\"center\" style=\"text-align:center\"><div class=\"uvc-heading-spacer no_spacer\" style=\"top\"><\/div><div class=\"uvc-sub-heading ult-responsive\"  data-ultimate-target='.uvc-heading.ultimate-heading-301769e232bf9947f .uvc-sub-heading '  data-responsive-json-new='{\"font-size\":\"\",\"line-height\":\"desktop:28px;\"}'  style=\"font-weight:normal;margin-bottom:20px;\">\n<p style=\"text-align: center;\"><strong>Ing.Estefania Paola Ordo\u00f1ez<\/strong><\/p>\n<p style=\"text-align: center;\"><em>Presidenta GAD Parroquial de G\u00fcel<\/em><\/p>\n<div id=\"gtx-trans\" style=\"position: absolute; left: 258px; top: -10px;\">\n<div class=\"gtx-trans-icon\"><\/div>\n<\/div>\n<\/div><\/div>[\/vc_column_inner][vc_column_inner width=\u00bb1\/2&#8243;][vc_column_text]\n<p style=\"text-align: justify;\">Todo lo que somos es el resultado de que hemos pensado\u201d hagamos de nuestra tierra; una tierra de esperanza, de optimismo que aporte al desarrollo sostenible econ\u00f3mico y social de nuestra parroquia, un jard\u00edn florido y colorido de la esperanza y el sol radiante de la felicidad.<br \/>\nCiudadanos\/as nuestro compromiso de trabajar de la mano con nuestro plan de trabajo por el que fuimos electos, sin dejar de lado las necesidades sociales que se presentan a lo largo de nuestra gesti\u00f3n y afecten a la tranquilidad y armon\u00eda de nuestra gente. Trabajamos con el firme respeto a las decisiones que se toman dentro de los espacios de participaci\u00f3n ciudadana; nuestra administraci\u00f3n es ce\u00f1ida por el trabajo responsable y transparente en la ejecuci\u00f3n presupuestaria de la parroquia, nuestros principios \u00e9ticos en nuestra administraci\u00f3n se establecen por el principio de la beneficencia y autonom\u00eda colectivas, complementados con nuestros c\u00f3digos deontol\u00f3gicos, con el \u00fanico objetivo de ver a G\u00fcel crecer y desarrollarse en sus aspectos organizacionales, emprendimientos productivos con valores agregados que permitan un desarrollo econ\u00f3mico sostenible y arraigado en nuestra cultura que nos permita complementar nuestra identidad cultural, y sobre todo dejar por sentado las bases para que nuestras nuevas generaciones tengan la capacidad de discernir y crear cambios culturales profundos que se enmarquen en el desarrollo de nuestro bello y querido terru\u00f1o G\u00fcel.<\/p>\n<p style=\"text-align: justify;\">Su confianza es de mucha importancia para nosotros, nos esforzamos para que toda nuestra ciudadan\u00eda tenga la confianza tanto de nuestra administraci\u00f3n; creando un ambiente que permita a los ciudadanos l\u00edderes de los sectores acercarse y expresarnos sus necesidades y problemas para conjuntamente establecer un nexo de gesti\u00f3n e impulsar proyectos que permitan satisfacer todas sus necesidades, somos un gobierno abierto que nunca damos por sentadas nuestras acciones, nos adaptamos a la necesidad y problem\u00e1tica que est\u00e9 afectando a nuestras parroquia. Exhortamos, todas sus sugerencias y criterios ser\u00e1n siempre escuchados cuando las manifieste con la respectiva cordura y respeto. Nuestra atenci\u00f3n siempre estar\u00e1 a disposici\u00f3n de cada uno de nuestros ciudadanos.<\/p>\n[\/vc_column_text][\/vc_column_inner][\/vc_row_inner][\/vc_column][\/vc_row][vc_row][vc_column][vc_column_text]\n<p style=\"text-align: center;\">\u00a1<strong><em>\ud835\ude42\u00dc\ud835\ude40\ud835\ude47, EN EL CORAZ\u00d3N!<\/em><\/strong><\/p>\n<p style=\"text-align: center;\"><em><strong>Administraci\u00f3n<\/strong><\/em> <strong>2023 &#8211; 2027<\/strong><\/p>\n<p style=\"text-align: center;\"><em>NOMINA DE AUTORIDADES<\/em>.<\/p>\n<p style=\"text-align: center;\"><span style=\"font-family: georgia, palatino, serif;\"><em><strong>Ing. Estefania Paola Ordo\u00f1ez\u00a0 P\ud835\ude67\ud835\ude5a\ud835\ude68\ud835\ude5e\ud835\ude59\ud835\ude5a\ud835\ude63\ud835\ude69a.<\/strong><\/em><\/span><\/p>\n<p style=\"text-align: center;\"><span style=\"font-family: georgia, palatino, serif;\"><em><strong>Sr. Luis Sarmiento Tello. V\ud835\ude5e\ud835\ude58\ud835\ude5a\ud835\ude65\ud835\ude67\ud835\ude5a\ud835\ude68\ud835\ude5e\ud835\ude59\ud835\ude5a\ud835\ude63\ud835\ude69\ud835\ude5a.<\/strong><\/em><\/span><\/p>\n<p style=\"text-align: center;\"><span style=\"font-family: georgia, palatino, serif;\"><em><strong>Sra. Teresita\u00a0 Salinas Jara \ud835\ude51\ud835\ude64\ud835\ude58\ud835\ude56\ud835\ude61<\/strong><\/em><\/span><\/p>\n<p style=\"text-align: center;\"><em><strong>\ud835\ude4e\ud835\ude67\ud835\ude56. Estehela Sarmiento.\u00a0 \ud835\ude51\ud835\ude64\ud835\ude58\ud835\ude56\ud835\ude61<\/strong><\/em><\/p>\n<p style=\"text-align: center;\"><span style=\"font-family: georgia, palatino, serif;\"><em><strong>\ud835\ude4e\ud835\ude67. Juan Carlos Castro Rivera. \ud835\ude51\ud835\ude64\ud835\ude58\ud835\ude56\ud835\ude61<\/strong><\/em><\/span><\/p>\n<p style=\"text-align: center;\"><span style=\"font-family: georgia, palatino, serif;\"><strong><em>Lcda. Sandra Tello Samaniego. \ud835\ude4e\ud835\ude5a\ud835\ude58\ud835\ude67\ud835\ude5a\ud835\ude69\ud835\ude56\ud835\ude67\ud835\ude5e\ud835\ude56-T\ud835\ude5a\ud835\ude68\ud835\ude64\ud835\ude67\ud835\ude5a\ud835\ude67\ud835\ude56<\/em>.<\/strong><\/span><\/p>\n<p style=\"text-align: center;\"><em>VISITAS DOMICILIARIAS ADULTOS MAYORES.<\/em><\/p>\n<p style=\"text-align: center;\"><em><strong>Srta. Glenda Tello Ortega<\/strong><\/em><\/p>\n<p style=\"text-align: center;\"><em><strong>Lcda. Martha V\u00e1squez Astudillo.<\/strong><\/em><\/p>\n[\/vc_column_text][\/vc_column][\/vc_row]\n","protected":false},"excerpt":{"rendered":"<p>[vc_row bg_type=\u00bbbg_color\u00bb bg_color_value=\u00bb#f7f7f7&#8243; css=\u00bb.vc_custom_1581547090144{padding-top: 0px !important;padding-bottom: 0px !important;}\u00bb][vc_column css=\u00bb.vc_custom_1529671385255{background-position: center !important;background-repeat: no-repeat !important;background-size: cover !important;}\u00bb][vc_row_inner][vc_column_inner width=\u00bb1\/2&#8243;][vc_column_text][\/vc_column_text][\/vc_column_inner][vc_column_inner width=\u00bb1\/2&#8243;][vc_column_text] &nbsp; &nbsp; &nbsp; La Defensor\u00eda del Pueblo, con la finalidad de reconocer a las entidades que se encuentran obligadas a transparentar y garantizar el acceso a la informaci\u00f3n p\u00fablica, nos dio a conocer que el GAD permite contar [&hellip;]<\/p>\n","protected":false},"author":8,"featured_media":0,"parent":0,"menu_order":0,"comment_status":"closed","ping_status":"closed","template":"","meta":{"footnotes":""},"yst_prominent_words":[31,29,68,64,28,74,30,27,26,37,123,32],"class_list":["post-860","page","type-page","status-publish","hentry"],"_links":{"self":[{"href":"https:\/\/guel.gob.ec\/azuay\/wp-json\/wp\/v2\/pages\/860","targetHints":{"allow":["GET"]}}],"collection":[{"href":"https:\/\/guel.gob.ec\/azuay\/wp-json\/wp\/v2\/pages"}],"about":[{"href":"https:\/\/guel.gob.ec\/azuay\/wp-json\/wp\/v2\/types\/page"}],"author":[{"embeddable":true,"href":"https:\/\/guel.gob.ec\/azuay\/wp-json\/wp\/v2\/users\/8"}],"replies":[{"embeddable":true,"href":"https:\/\/guel.gob.ec\/azuay\/wp-json\/wp\/v2\/comments?post=860"}],"version-history":[{"count":27,"href":"https:\/\/guel.gob.ec\/azuay\/wp-json\/wp\/v2\/pages\/860\/revisions"}],"predecessor-version":[{"id":2289,"href":"https:\/\/guel.gob.ec\/azuay\/wp-json\/wp\/v2\/pages\/860\/revisions\/2289"}],"wp:attachment":[{"href":"https:\/\/guel.gob.ec\/azuay\/wp-json\/wp\/v2\/media?parent=860"}],"wp:term":[{"taxonomy":"yst_prominent_words","embeddable":true,"href":"https:\/\/guel.gob.ec\/azuay\/wp-json\/wp\/v2\/yst_prominent_words?post=860"}],"curies":[{"name":"wp","href":"https:\/\/api.w.org\/{rel}","templated":true}]}}